{"id":5954,"date":"2025-03-03T16:16:11","date_gmt":"2025-03-03T15:16:11","guid":{"rendered":"https:\/\/phsg-jahresbericht.ch\/2025\/?page_id=5954"},"modified":"2025-04-15T17:22:50","modified_gmt":"2025-04-15T15:22:50","slug":"stabsstellen","status":"publish","type":"page","link":"https:\/\/phsg-jahresbericht.ch\/2024\/berichtsjahr-2024\/stabsstellen\/","title":{"rendered":"Stabsstellen"},"content":{"rendered":"\t\t<div data-elementor-type=\"wp-page\" data-elementor-id=\"5954\" class=\"elementor elementor-5954\" data-elementor-post-type=\"page\">\n\t\t\t\t<div class=\"elementor-element elementor-element-4f9adb7 e-flex e-con-boxed e-con e-parent\" data-id=\"4f9adb7\" data-element_type=\"container\" data-settings=\"{&quot;jet_parallax_layout_list&quot;:[]}\">\n\t\t\t\t\t<div class=\"e-con-inner\">\n\t\t\t\t<div class=\"elementor-element elementor-element-8cd24ca elementor-widget elementor-widget-heading\" data-id=\"8cd24ca\" data-element_type=\"widget\" id=\"subtitle-underline\" data-widget_type=\"heading.default\">\n\t\t\t\t<div class=\"elementor-widget-container\">\n\t\t\t\t\t<h3 class=\"elementor-heading-title elementor-size-default\">Berichtsjahr 2024<\/h3>\t\t\t\t<\/div>\n\t\t\t\t<\/div>\n\t\t\t\t<div class=\"elementor-element elementor-element-242bec5 elementor-widget elementor-widget-heading\" data-id=\"242bec5\" data-element_type=\"widget\" data-widget_type=\"heading.default\">\n\t\t\t\t<div class=\"elementor-widget-container\">\n\t\t\t\t\t<h3 class=\"elementor-heading-title elementor-size-default\">Die Stabsstelle Hochschulentwicklung und Qualit\u00e4tsmanagement war 2024 stark in die Umsetzung verschiedener Projekte eingebunden.<\/h3>\t\t\t\t<\/div>\n\t\t\t\t<\/div>\n\t\t\t\t\t<\/div>\n\t\t\t\t<\/div>\n\t\t<div class=\"elementor-element elementor-element-6d868ff e-con-full e-flex e-con e-parent\" data-id=\"6d868ff\" data-element_type=\"container\" data-settings=\"{&quot;jet_parallax_layout_list&quot;:[],&quot;background_background&quot;:&quot;classic&quot;}\">\n\t\t\t\t<\/div>\n\t\t<div class=\"elementor-element elementor-element-f8d4863 e-flex e-con-boxed e-con e-parent\" data-id=\"f8d4863\" data-element_type=\"container\" data-settings=\"{&quot;jet_parallax_layout_list&quot;:[]}\">\n\t\t\t\t\t<div class=\"e-con-inner\">\n\t\t\t\t<div class=\"elementor-element elementor-element-9c35dfc elementor-widget elementor-widget-heading\" data-id=\"9c35dfc\" data-element_type=\"widget\" data-widget_type=\"heading.default\">\n\t\t\t\t<div class=\"elementor-widget-container\">\n\t\t\t\t\t<h2 class=\"elementor-heading-title elementor-size-default\">Erneuerung der institutionellen Akkreditierung<\/h2>\t\t\t\t<\/div>\n\t\t\t\t<\/div>\n\t\t\t\t<div class=\"elementor-element elementor-element-469b844 elementor-widget elementor-widget-text-editor\" data-id=\"469b844\" data-element_type=\"widget\" data-widget_type=\"text-editor.default\">\n\t\t\t\t<div class=\"elementor-widget-container\">\n\t\t\t\t\t\t\t\t\t<p>Im Jahr 2019 wurde die PHSG erstmals als Hochschule akkreditiert. Nach sieben Jahren \u2013 bis September 2026 \u2013 muss der Entscheid \u00fcber die Akkreditierung erneuert werden. Zur Vorbereitung der Reakkreditierung wurde eine Projektgruppe gebildet. Die Projektgruppe hat sich in der zweiten Jahresh\u00e4lfte 2024 insbesondere mit dem Verfassen des Selbstbeurteilungsberichtes und der Vorbereitung auf das Verfahren befasst. Parallel dazu wurde unter Federf\u00fchrung der Akkreditierungsagentur eine Longlist erstellt, anhand derer die Agentur die Gruppe der Gutachtenden w\u00e4hlen wird.<\/p><p>Das Reakkreditierungsverfahren wird f\u00fcr die Angeh\u00f6rigen der PHSG transparent und partizipativ gestaltet. Beispielsweise wurden die Mitarbeitenden im Rahmen des PHSG Forums vom August 2024 durch die Stabsstelle Hochschulentwicklung und Qualit\u00e4tsmanagement ausf\u00fchrlich \u00fcber den Reakkreditierungsprozess informiert. Anschliessend waren die Mitarbeitenden eingeladen, Inputs zum aktuellen Entwicklungsstand der Hochschule bezogen auf die Akkreditierungsstandards abzugeben.\u00a0\u00a0<\/p>\t\t\t\t\t\t\t\t<\/div>\n\t\t\t\t<\/div>\n\t\t\t\t\t<\/div>\n\t\t\t\t<\/div>\n\t\t<div class=\"elementor-element elementor-element-90a7922 e-flex e-con-boxed e-con e-parent\" data-id=\"90a7922\" data-element_type=\"container\" data-settings=\"{&quot;jet_parallax_layout_list&quot;:[]}\">\n\t\t\t\t\t<div class=\"e-con-inner\">\n\t\t\t\t<div class=\"elementor-element elementor-element-a554dfa elementor-widget elementor-widget-heading\" data-id=\"a554dfa\" data-element_type=\"widget\" data-widget_type=\"heading.default\">\n\t\t\t\t<div class=\"elementor-widget-container\">\n\t\t\t\t\t<h2 class=\"elementor-heading-title elementor-size-default\">Aktivit\u00e4ten im Bereich Gender und Diversity<\/h2>\t\t\t\t<\/div>\n\t\t\t\t<\/div>\n\t\t\t\t<div class=\"elementor-element elementor-element-86affd6 elementor-widget elementor-widget-text-editor\" data-id=\"86affd6\" data-element_type=\"widget\" data-widget_type=\"text-editor.default\">\n\t\t\t\t<div class=\"elementor-widget-container\">\n\t\t\t\t\t\t\t\t\t<p>Im Jahr 2024 konnten mehrere Massnahmen im Bereich Gender und Diversity umgesetzt werden. Auf struktureller Ebene wurde eine Kommission gegr\u00fcndet, welche die Fachstelle Gender und Diversity bei der Umsetzung der Massnahmen in diesem Bereich unterst\u00fctzt und ber\u00e4t. Dar\u00fcber hinaus konnten zahlreiche Kampagnen durchgef\u00fchrt werden, wie der \u00abGender:November\u00bb, ein Sensibilisierungsprogramm f\u00fcr eine m\u00fcndliche Sprache, die Diversit\u00e4t bewusst ber\u00fccksichtigt. Die Fachstelle hat zudem auf Initiative einer Studentin im Rahmen der Kampagne \u00ab16 Tage gegen Gewalt an Frauen\u00bb Kurzvortr\u00e4ge organisiert und damit auf die Problematik aufmerksam gemacht.<\/p><p><a href=\"https:\/\/www.phsg.ch\/de\/ueber-uns\/organisation\/rektorat\/hochschulentwicklungqualitaetsmanagement\" target=\"_blank\" rel=\"noopener\">Zur Stabsstelle Hochschulentwicklung und Qualit\u00e4tsmanagement<\/a><\/p>\t\t\t\t\t\t\t\t<\/div>\n\t\t\t\t<\/div>\n\t\t\t\t<div class=\"elementor-element elementor-element-07e8544 elementor-widget elementor-widget-image\" data-id=\"07e8544\" data-element_type=\"widget\" data-widget_type=\"image.default\">\n\t\t\t\t<div class=\"elementor-widget-container\">\n\t\t\t\t\t\t\t\t\t\t\t\t\t\t\t<img fetchpriority=\"high\" decoding=\"async\" width=\"1600\" height=\"1200\" src=\"https:\/\/phsg-jahresbericht.ch\/2024\/wp-content\/uploads\/sites\/5\/phsg-jahresbericht-2024-berichtsjahr-stabsstellen-gender-november.jpg\" class=\"attachment-large size-large wp-image-5967\" alt=\"\" srcset=\"https:\/\/phsg-jahresbericht.ch\/2024\/wp-content\/uploads\/sites\/5\/phsg-jahresbericht-2024-berichtsjahr-stabsstellen-gender-november.jpg 1600w, https:\/\/phsg-jahresbericht.ch\/2024\/wp-content\/uploads\/sites\/5\/phsg-jahresbericht-2024-berichtsjahr-stabsstellen-gender-november-768x576.jpg 768w, https:\/\/phsg-jahresbericht.ch\/2024\/wp-content\/uploads\/sites\/5\/phsg-jahresbericht-2024-berichtsjahr-stabsstellen-gender-november-1536x1152.jpg 1536w\" sizes=\"(max-width: 1600px) 100vw, 1600px\" \/>\t\t\t\t\t\t\t\t\t\t\t\t\t\t\t<\/div>\n\t\t\t\t<\/div>\n\t\t\t\t\t<\/div>\n\t\t\t\t<\/div>\n\t\t<div class=\"elementor-element elementor-element-a27efa7 e-flex e-con-boxed e-con e-parent\" data-id=\"a27efa7\" data-element_type=\"container\" data-settings=\"{&quot;jet_parallax_layout_list&quot;:[]}\">\n\t\t\t\t\t<div class=\"e-con-inner\">\n\t\t\t\t<div class=\"elementor-element elementor-element-dfa7443 elementor-widget elementor-widget-template\" data-id=\"dfa7443\" data-element_type=\"widget\" data-widget_type=\"template.default\">\n\t\t\t\t<div class=\"elementor-widget-container\">\n\t\t\t\t\t\t\t<div class=\"elementor-template\">\n\t\t\t\t\t<div data-elementor-type=\"container\" data-elementor-id=\"5716\" class=\"elementor elementor-5716\" data-elementor-post-type=\"elementor_library\">\n\t\t\t\t<div class=\"elementor-element elementor-element-23c3e09e e-flex e-con-boxed e-con e-parent\" data-id=\"23c3e09e\" data-element_type=\"container\" data-settings=\"{&quot;jet_parallax_layout_list&quot;:[]}\">\n\t\t\t\t\t<div class=\"e-con-inner\">\n\t\t\t\t<div class=\"elementor-element elementor-element-70f02ec elementor-widget elementor-widget-spacer\" data-id=\"70f02ec\" data-element_type=\"widget\" data-widget_type=\"spacer.default\">\n\t\t\t\t<div class=\"elementor-widget-container\">\n\t\t\t\t\t\t\t<div class=\"elementor-spacer\">\n\t\t\t<div class=\"elementor-spacer-inner\"><\/div>\n\t\t<\/div>\n\t\t\t\t\t\t<\/div>\n\t\t\t\t<\/div>\n\t\t\t\t<div class=\"elementor-element elementor-element-296a0c96 elementor-widget elementor-widget-heading\" data-id=\"296a0c96\" data-element_type=\"widget\" data-widget_type=\"heading.default\">\n\t\t\t\t<div class=\"elementor-widget-container\">\n\t\t\t\t\t<h3 class=\"elementor-heading-title elementor-size-default\">Weitere Themen, die Sie interessieren k\u00f6nnten<\/h3>\t\t\t\t<\/div>\n\t\t\t\t<\/div>\n\t\t\t\t<div class=\"elementor-element elementor-element-3c21c8db elementor-hidden-tablet elementor-widget elementor-widget-raven-posts\" data-id=\"3c21c8db\" data-element_type=\"widget\" data-settings=\"{&quot;classic_columns&quot;:&quot;4&quot;,&quot;query_posts_per_page&quot;:4,&quot;_skin&quot;:&quot;classic&quot;,&quot;classic_layout&quot;:&quot;grid&quot;,&quot;classic_columns_tablet&quot;:&quot;2&quot;,&quot;classic_columns_mobile&quot;:&quot;1&quot;,&quot;query_offset&quot;:0}\" data-widget_type=\"raven-posts.classic\">\n\t\t\t\t<div class=\"elementor-widget-container\">\n\t\t\t\t\t\t\t<div class=\"raven-posts raven-grid raven-grid-4 raven-grid-mobile-1 raven-grid-tablet-2\" data-post-id=\"5716\" data-archive-query=\"\" data-lang=\"\">\n\t\t\t\t<div class=\"raven-grid-item raven-post-item post-762 page type-page status-publish has-post-thumbnail hentry\">\n\t\t\t<div class=\"raven-post elementor-animation-grow\">\n\t\t\t\t\t\t<div class=\"raven-post-image-wrap\">\n\t\t\t<a class=\"raven-post-image raven-image-fit\" href=\"https:\/\/phsg-jahresbericht.ch\/2024\/ueber-uns\/institute\/\"><img decoding=\"async\" width=\"2560\" height=\"1116\" src=\"https:\/\/phsg-jahresbericht.ch\/2024\/wp-content\/uploads\/sites\/5\/phsg-jahresbericht-ueber-uns-institute-headerbild.jpg\" class=\"attachment-large size-large wp-image-6210\" alt=\"\" srcset=\"https:\/\/phsg-jahresbericht.ch\/2024\/wp-content\/uploads\/sites\/5\/phsg-jahresbericht-ueber-uns-institute-headerbild.jpg 2560w, https:\/\/phsg-jahresbericht.ch\/2024\/wp-content\/uploads\/sites\/5\/phsg-jahresbericht-ueber-uns-institute-headerbild-768x335.jpg 768w, https:\/\/phsg-jahresbericht.ch\/2024\/wp-content\/uploads\/sites\/5\/phsg-jahresbericht-ueber-uns-institute-headerbild-1536x670.jpg 1536w, https:\/\/phsg-jahresbericht.ch\/2024\/wp-content\/uploads\/sites\/5\/phsg-jahresbericht-ueber-uns-institute-headerbild-2048x893.jpg 2048w\" sizes=\"(max-width: 2560px) 100vw, 2560px\" \/> <span class=\"raven-post-image-overlay\"><\/span><\/a>\t\t<\/div>\n\t\t\t\t\t\t<div class=\"raven-post-content\">\n\t\t\t\t\t<h3 class=\"raven-post-title\"><a class=\"raven-post-title-link\" href=\"https:\/\/phsg-jahresbericht.ch\/2024\/ueber-uns\/institute\/\">Institute<\/a><\/h3>\t\t\t\t<\/div>\n\t\t\t<\/div>\n\t\t<\/div>\n\t\t\t\t<div class=\"raven-grid-item raven-post-item post-302 page type-page status-publish has-post-thumbnail hentry\">\n\t\t\t<div class=\"raven-post elementor-animation-grow\">\n\t\t\t\t\t\t<div class=\"raven-post-image-wrap\">\n\t\t\t<a class=\"raven-post-image raven-image-fit\" href=\"https:\/\/phsg-jahresbericht.ch\/2024\/fokus\/editorial\/\"><img decoding=\"async\" width=\"2560\" height=\"1116\" src=\"https:\/\/phsg-jahresbericht.ch\/2024\/wp-content\/uploads\/sites\/5\/phsg-jahresbericht-2024-fokus-editorial.jpg\" class=\"attachment-large size-large wp-image-6868\" alt=\"\" srcset=\"https:\/\/phsg-jahresbericht.ch\/2024\/wp-content\/uploads\/sites\/5\/phsg-jahresbericht-2024-fokus-editorial.jpg 2560w, https:\/\/phsg-jahresbericht.ch\/2024\/wp-content\/uploads\/sites\/5\/phsg-jahresbericht-2024-fokus-editorial-768x335.jpg 768w, https:\/\/phsg-jahresbericht.ch\/2024\/wp-content\/uploads\/sites\/5\/phsg-jahresbericht-2024-fokus-editorial-1536x670.jpg 1536w, https:\/\/phsg-jahresbericht.ch\/2024\/wp-content\/uploads\/sites\/5\/phsg-jahresbericht-2024-fokus-editorial-2048x893.jpg 2048w\" sizes=\"(max-width: 2560px) 100vw, 2560px\" \/> <span class=\"raven-post-image-overlay\"><\/span><\/a>\t\t<\/div>\n\t\t\t\t\t\t<div class=\"raven-post-content\">\n\t\t\t\t\t<h3 class=\"raven-post-title\"><a class=\"raven-post-title-link\" href=\"https:\/\/phsg-jahresbericht.ch\/2024\/fokus\/editorial\/\">Editorial<\/a><\/h3>\t\t\t\t<\/div>\n\t\t\t<\/div>\n\t\t<\/div>\n\t\t\t\t<div class=\"raven-grid-item raven-post-item post-597 page type-page status-publish has-post-thumbnail hentry\">\n\t\t\t<div class=\"raven-post elementor-animation-grow\">\n\t\t\t\t\t\t<div class=\"raven-post-image-wrap\">\n\t\t\t<a class=\"raven-post-image raven-image-fit\" href=\"https:\/\/phsg-jahresbericht.ch\/2024\/berichtsjahr-2024\/forschung-entwicklung\/\"><img loading=\"lazy\" decoding=\"async\" width=\"2560\" height=\"1116\" src=\"https:\/\/phsg-jahresbericht.ch\/2024\/wp-content\/uploads\/sites\/5\/phsg-jahresbericht-2024-berichtsjahr-forschung-entwicklung-headerbild.jpg\" class=\"attachment-large size-large wp-image-5909\" alt=\"\" srcset=\"https:\/\/phsg-jahresbericht.ch\/2024\/wp-content\/uploads\/sites\/5\/phsg-jahresbericht-2024-berichtsjahr-forschung-entwicklung-headerbild.jpg 2560w, https:\/\/phsg-jahresbericht.ch\/2024\/wp-content\/uploads\/sites\/5\/phsg-jahresbericht-2024-berichtsjahr-forschung-entwicklung-headerbild-768x335.jpg 768w, https:\/\/phsg-jahresbericht.ch\/2024\/wp-content\/uploads\/sites\/5\/phsg-jahresbericht-2024-berichtsjahr-forschung-entwicklung-headerbild-1536x670.jpg 1536w, https:\/\/phsg-jahresbericht.ch\/2024\/wp-content\/uploads\/sites\/5\/phsg-jahresbericht-2024-berichtsjahr-forschung-entwicklung-headerbild-2048x893.jpg 2048w\" sizes=\"(max-width: 2560px) 100vw, 2560px\" \/> <span class=\"raven-post-image-overlay\"><\/span><\/a>\t\t<\/div>\n\t\t\t\t\t\t<div class=\"raven-post-content\">\n\t\t\t\t\t<h3 class=\"raven-post-title\"><a class=\"raven-post-title-link\" href=\"https:\/\/phsg-jahresbericht.ch\/2024\/berichtsjahr-2024\/forschung-entwicklung\/\">Forschung &amp; Entwicklung<\/a><\/h3>\t\t\t\t<\/div>\n\t\t\t<\/div>\n\t\t<\/div>\n\t\t\t\t<div class=\"raven-grid-item raven-post-item post-3793 page type-page status-publish has-post-thumbnail hentry\">\n\t\t\t<div class=\"raven-post elementor-animation-grow\">\n\t\t\t\t\t\t<div class=\"raven-post-image-wrap\">\n\t\t\t<a class=\"raven-post-image raven-image-fit\" href=\"https:\/\/phsg-jahresbericht.ch\/2024\/fokus\/chronik\/\"><img loading=\"lazy\" decoding=\"async\" width=\"800\" height=\"450\" src=\"https:\/\/phsg-jahresbericht.ch\/2024\/wp-content\/uploads\/sites\/5\/phsg-jahresbericht-2024-weitere-themen-chronik.jpg\" class=\"attachment-large size-large wp-image-7370\" alt=\"\" srcset=\"https:\/\/phsg-jahresbericht.ch\/2024\/wp-content\/uploads\/sites\/5\/phsg-jahresbericht-2024-weitere-themen-chronik.jpg 800w, https:\/\/phsg-jahresbericht.ch\/2024\/wp-content\/uploads\/sites\/5\/phsg-jahresbericht-2024-weitere-themen-chronik-768x432.jpg 768w\" sizes=\"(max-width: 800px) 100vw, 800px\" \/> <span class=\"raven-post-image-overlay\"><\/span><\/a>\t\t<\/div>\n\t\t\t\t\t\t<div class=\"raven-post-content\">\n\t\t\t\t\t<h3 class=\"raven-post-title\"><a class=\"raven-post-title-link\" href=\"https:\/\/phsg-jahresbericht.ch\/2024\/fokus\/chronik\/\">Chronik<\/a><\/h3>\t\t\t\t<\/div>\n\t\t\t<\/div>\n\t\t<\/div>\n\t\t\t\t<\/div>\n\t\t\t\t\t\t<\/div>\n\t\t\t\t<\/div>\n\t\t\t\t<div class=\"elementor-element elementor-element-39836b63 elementor-hidden-desktop elementor-hidden-mobile elementor-widget elementor-widget-raven-posts\" data-id=\"39836b63\" data-element_type=\"widget\" data-settings=\"{&quot;classic_columns&quot;:&quot;4&quot;,&quot;query_posts_per_page&quot;:3,&quot;classic_columns_tablet&quot;:&quot;3&quot;,&quot;_skin&quot;:&quot;classic&quot;,&quot;classic_layout&quot;:&quot;grid&quot;,&quot;classic_columns_mobile&quot;:&quot;1&quot;,&quot;query_offset&quot;:0}\" data-widget_type=\"raven-posts.classic\">\n\t\t\t\t<div class=\"elementor-widget-container\">\n\t\t\t\t\t\t\t<div class=\"raven-posts raven-grid raven-grid-4 raven-grid-mobile-1 raven-grid-tablet-3\" data-post-id=\"5716\" data-archive-query=\"\" data-lang=\"\">\n\t\t\t\t<div class=\"raven-grid-item raven-post-item post-5971 page type-page status-publish has-post-thumbnail hentry\">\n\t\t\t<div class=\"raven-post elementor-animation-grow\">\n\t\t\t\t\t\t<div class=\"raven-post-image-wrap\">\n\t\t\t<a class=\"raven-post-image raven-image-fit\" href=\"https:\/\/phsg-jahresbericht.ch\/2024\/berichtsjahr-2024\/verwaltung\/\"><img loading=\"lazy\" decoding=\"async\" width=\"2560\" height=\"1116\" src=\"https:\/\/phsg-jahresbericht.ch\/2024\/wp-content\/uploads\/sites\/5\/phsg-jahresbericht-2024-berichtsjahr-verwaltung-headerbild.jpg\" class=\"attachment-large size-large wp-image-7357\" alt=\"\" srcset=\"https:\/\/phsg-jahresbericht.ch\/2024\/wp-content\/uploads\/sites\/5\/phsg-jahresbericht-2024-berichtsjahr-verwaltung-headerbild.jpg 2560w, https:\/\/phsg-jahresbericht.ch\/2024\/wp-content\/uploads\/sites\/5\/phsg-jahresbericht-2024-berichtsjahr-verwaltung-headerbild-768x335.jpg 768w, https:\/\/phsg-jahresbericht.ch\/2024\/wp-content\/uploads\/sites\/5\/phsg-jahresbericht-2024-berichtsjahr-verwaltung-headerbild-1536x670.jpg 1536w, https:\/\/phsg-jahresbericht.ch\/2024\/wp-content\/uploads\/sites\/5\/phsg-jahresbericht-2024-berichtsjahr-verwaltung-headerbild-2048x893.jpg 2048w\" sizes=\"(max-width: 2560px) 100vw, 2560px\" \/> <span class=\"raven-post-image-overlay\"><\/span><\/a>\t\t<\/div>\n\t\t\t\t\t\t<div class=\"raven-post-content\">\n\t\t\t\t\t<h3 class=\"raven-post-title\"><a class=\"raven-post-title-link\" href=\"https:\/\/phsg-jahresbericht.ch\/2024\/berichtsjahr-2024\/verwaltung\/\">Verwaltung<\/a><\/h3>\t\t\t\t<\/div>\n\t\t\t<\/div>\n\t\t<\/div>\n\t\t\t\t<div class=\"raven-grid-item raven-post-item post-762 page type-page status-publish has-post-thumbnail hentry\">\n\t\t\t<div class=\"raven-post elementor-animation-grow\">\n\t\t\t\t\t\t<div class=\"raven-post-image-wrap\">\n\t\t\t<a class=\"raven-post-image raven-image-fit\" href=\"https:\/\/phsg-jahresbericht.ch\/2024\/ueber-uns\/institute\/\"><img decoding=\"async\" width=\"2560\" height=\"1116\" src=\"https:\/\/phsg-jahresbericht.ch\/2024\/wp-content\/uploads\/sites\/5\/phsg-jahresbericht-ueber-uns-institute-headerbild.jpg\" class=\"attachment-large size-large wp-image-6210\" alt=\"\" srcset=\"https:\/\/phsg-jahresbericht.ch\/2024\/wp-content\/uploads\/sites\/5\/phsg-jahresbericht-ueber-uns-institute-headerbild.jpg 2560w, https:\/\/phsg-jahresbericht.ch\/2024\/wp-content\/uploads\/sites\/5\/phsg-jahresbericht-ueber-uns-institute-headerbild-768x335.jpg 768w, https:\/\/phsg-jahresbericht.ch\/2024\/wp-content\/uploads\/sites\/5\/phsg-jahresbericht-ueber-uns-institute-headerbild-1536x670.jpg 1536w, https:\/\/phsg-jahresbericht.ch\/2024\/wp-content\/uploads\/sites\/5\/phsg-jahresbericht-ueber-uns-institute-headerbild-2048x893.jpg 2048w\" sizes=\"(max-width: 2560px) 100vw, 2560px\" \/> <span class=\"raven-post-image-overlay\"><\/span><\/a>\t\t<\/div>\n\t\t\t\t\t\t<div class=\"raven-post-content\">\n\t\t\t\t\t<h3 class=\"raven-post-title\"><a class=\"raven-post-title-link\" href=\"https:\/\/phsg-jahresbericht.ch\/2024\/ueber-uns\/institute\/\">Institute<\/a><\/h3>\t\t\t\t<\/div>\n\t\t\t<\/div>\n\t\t<\/div>\n\t\t\t\t<div class=\"raven-grid-item raven-post-item post-3809 page type-page status-publish has-post-thumbnail hentry\">\n\t\t\t<div class=\"raven-post elementor-animation-grow\">\n\t\t\t\t\t\t<div class=\"raven-post-image-wrap\">\n\t\t\t<a class=\"raven-post-image raven-image-fit\" href=\"https:\/\/phsg-jahresbericht.ch\/2024\/berichtsjahr-2024\/dienstleistung\/\"><img loading=\"lazy\" decoding=\"async\" width=\"2560\" height=\"1116\" src=\"https:\/\/phsg-jahresbericht.ch\/2024\/wp-content\/uploads\/sites\/5\/phsg-jahresbericht-2024-berichtsjahr-dienstleistung-headerbild.jpg\" class=\"attachment-large size-large wp-image-5940\" alt=\"\" srcset=\"https:\/\/phsg-jahresbericht.ch\/2024\/wp-content\/uploads\/sites\/5\/phsg-jahresbericht-2024-berichtsjahr-dienstleistung-headerbild.jpg 2560w, https:\/\/phsg-jahresbericht.ch\/2024\/wp-content\/uploads\/sites\/5\/phsg-jahresbericht-2024-berichtsjahr-dienstleistung-headerbild-768x335.jpg 768w, https:\/\/phsg-jahresbericht.ch\/2024\/wp-content\/uploads\/sites\/5\/phsg-jahresbericht-2024-berichtsjahr-dienstleistung-headerbild-1536x670.jpg 1536w, https:\/\/phsg-jahresbericht.ch\/2024\/wp-content\/uploads\/sites\/5\/phsg-jahresbericht-2024-berichtsjahr-dienstleistung-headerbild-2048x893.jpg 2048w\" sizes=\"(max-width: 2560px) 100vw, 2560px\" \/> <span class=\"raven-post-image-overlay\"><\/span><\/a>\t\t<\/div>\n\t\t\t\t\t\t<div class=\"raven-post-content\">\n\t\t\t\t\t<h3 class=\"raven-post-title\"><a class=\"raven-post-title-link\" href=\"https:\/\/phsg-jahresbericht.ch\/2024\/berichtsjahr-2024\/dienstleistung\/\">Dienstleistung<\/a><\/h3>\t\t\t\t<\/div>\n\t\t\t<\/div>\n\t\t<\/div>\n\t\t\t\t<\/div>\n\t\t\t\t\t\t<\/div>\n\t\t\t\t<\/div>\n\t\t\t\t\t<\/div>\n\t\t\t\t<\/div>\n\t\t\t\t<\/div>\n\t\t\t\t<\/div>\n\t\t\t\t\t\t<\/div>\n\t\t\t\t<\/div>\n\t\t\t\t\t<\/div>\n\t\t\t\t<\/div>\n\t\t\t\t<\/div>\n\t\t","protected":false},"excerpt":{"rendered":"<p>Berichtsjahr 2024 Die Stabsstelle Hochschulentwicklung und Qualit\u00e4tsmanagement war 2024 stark in die Umsetzung verschiedener Projekte eingebunden. Erneuerung der institutionellen Akkreditierung Im Jahr 2019 wurde die PHSG erstmals als Hochschule akkreditiert. Nach sieben Jahren \u2013 bis September 2026 \u2013 muss der Entscheid \u00fcber die Akkreditierung erneuert werden. Zur Vorbereitung der Reakkreditierung wurde eine Projektgruppe gebildet. Die [&hellip;]<\/p>\n","protected":false},"author":1,"featured_media":7353,"parent":1261,"menu_order":0,"comment_status":"closed","ping_status":"closed","template":"elementor_header_footer","meta":{"_acf_changed":false,"footnotes":""},"class_list":["post-5954","page","type-page","status-publish","has-post-thumbnail","hentry"],"acf":[],"_links":{"self":[{"href":"https:\/\/phsg-jahresbericht.ch\/2024\/wp-json\/wp\/v2\/pages\/5954","targetHints":{"allow":["GET"]}}],"collection":[{"href":"https:\/\/phsg-jahresbericht.ch\/2024\/wp-json\/wp\/v2\/pages"}],"about":[{"href":"https:\/\/phsg-jahresbericht.ch\/2024\/wp-json\/wp\/v2\/types\/page"}],"author":[{"embeddable":true,"href":"https:\/\/phsg-jahresbericht.ch\/2024\/wp-json\/wp\/v2\/users\/1"}],"replies":[{"embeddable":true,"href":"https:\/\/phsg-jahresbericht.ch\/2024\/wp-json\/wp\/v2\/comments?post=5954"}],"version-history":[{"count":40,"href":"https:\/\/phsg-jahresbericht.ch\/2024\/wp-json\/wp\/v2\/pages\/5954\/revisions"}],"predecessor-version":[{"id":7471,"href":"https:\/\/phsg-jahresbericht.ch\/2024\/wp-json\/wp\/v2\/pages\/5954\/revisions\/7471"}],"up":[{"embeddable":true,"href":"https:\/\/phsg-jahresbericht.ch\/2024\/wp-json\/wp\/v2\/pages\/1261"}],"wp:featuredmedia":[{"embeddable":true,"href":"https:\/\/phsg-jahresbericht.ch\/2024\/wp-json\/wp\/v2\/media\/7353"}],"wp:attachment":[{"href":"https:\/\/phsg-jahresbericht.ch\/2024\/wp-json\/wp\/v2\/media?parent=5954"}],"curies":[{"name":"wp","href":"https:\/\/api.w.org\/{rel}","templated":true}]}}