{"id":1114,"date":"2022-04-27T15:49:30","date_gmt":"2022-04-27T13:49:30","guid":{"rendered":"https:\/\/phsg-jahresbericht.ch\/2025\/?page_id=1114"},"modified":"2025-04-09T14:12:50","modified_gmt":"2025-04-09T12:12:50","slug":"hochschulrat","status":"publish","type":"page","link":"https:\/\/phsg-jahresbericht.ch\/2024\/ueber-uns\/hochschulrat\/","title":{"rendered":"Hochschulrat"},"content":{"rendered":"\t\t<div data-elementor-type=\"wp-page\" data-elementor-id=\"1114\" class=\"elementor elementor-1114\" data-elementor-post-type=\"page\">\n\t\t\t\t<div class=\"elementor-element elementor-element-37faeea e-flex e-con-boxed e-con e-parent\" data-id=\"37faeea\" data-element_type=\"container\" data-settings=\"{&quot;jet_parallax_layout_list&quot;:[]}\">\n\t\t\t\t\t<div class=\"e-con-inner\">\n\t\t\t\t<div class=\"elementor-element elementor-element-9a2c769 elementor-widget elementor-widget-heading\" data-id=\"9a2c769\" data-element_type=\"widget\" id=\"subtitle-underline\" data-widget_type=\"heading.default\">\n\t\t\t\t<div class=\"elementor-widget-container\">\n\t\t\t\t\t<h3 class=\"elementor-heading-title elementor-size-default\">\u00dcber uns<\/h3>\t\t\t\t<\/div>\n\t\t\t\t<\/div>\n\t\t\t\t<div class=\"elementor-element elementor-element-a092563 elementor-widget elementor-widget-heading\" data-id=\"a092563\" data-element_type=\"widget\" data-widget_type=\"heading.default\">\n\t\t\t\t<div class=\"elementor-widget-container\">\n\t\t\t\t\t<h3 class=\"elementor-heading-title elementor-size-default\">Der Hochschulrat besteht aus sieben Mitgliedern. Pr\u00e4sidentin des Hochschulrates ist seit Juni 2024 Regierungsr\u00e4tin Bettina Surber als Vorsteherin des Bildungsdepartementes.<\/h3>\t\t\t\t<\/div>\n\t\t\t\t<\/div>\n\t\t\t\t\t<\/div>\n\t\t\t\t<\/div>\n\t\t<div class=\"elementor-element elementor-element-5f18542 e-flex e-con-boxed e-con e-parent\" data-id=\"5f18542\" data-element_type=\"container\" data-settings=\"{&quot;jet_parallax_layout_list&quot;:[]}\">\n\t\t\t\t\t<div class=\"e-con-inner\">\n\t\t\t\t<div class=\"elementor-element elementor-element-5440f27 elementor-widget elementor-widget-image\" data-id=\"5440f27\" data-element_type=\"widget\" data-widget_type=\"image.default\">\n\t\t\t\t<div class=\"elementor-widget-container\">\n\t\t\t\t\t\t\t\t\t\t\t\t\t\t\t<img fetchpriority=\"high\" decoding=\"async\" width=\"2160\" height=\"1441\" src=\"https:\/\/phsg-jahresbericht.ch\/2024\/wp-content\/uploads\/sites\/5\/phsg-jahresbericht-2024-ueber-uns-hochschulrat.jpg\" class=\"attachment-large size-large wp-image-6024\" alt=\"\" srcset=\"https:\/\/phsg-jahresbericht.ch\/2024\/wp-content\/uploads\/sites\/5\/phsg-jahresbericht-2024-ueber-uns-hochschulrat.jpg 2160w, https:\/\/phsg-jahresbericht.ch\/2024\/wp-content\/uploads\/sites\/5\/phsg-jahresbericht-2024-ueber-uns-hochschulrat-768x512.jpg 768w, https:\/\/phsg-jahresbericht.ch\/2024\/wp-content\/uploads\/sites\/5\/phsg-jahresbericht-2024-ueber-uns-hochschulrat-1536x1025.jpg 1536w, https:\/\/phsg-jahresbericht.ch\/2024\/wp-content\/uploads\/sites\/5\/phsg-jahresbericht-2024-ueber-uns-hochschulrat-2048x1366.jpg 2048w\" sizes=\"(max-width: 2160px) 100vw, 2160px\" \/>\t\t\t\t\t\t\t\t\t\t\t\t\t\t\t<\/div>\n\t\t\t\t<\/div>\n\t\t\t\t<div class=\"elementor-element elementor-element-bcf8d03 elementor-widget elementor-widget-text-editor\" data-id=\"bcf8d03\" data-element_type=\"widget\" data-widget_type=\"text-editor.default\">\n\t\t\t\t<div class=\"elementor-widget-container\">\n\t\t\t\t\t\t\t\t\t<p>Katrin Glaus (SP), Sandro Wasserfallen (SVP), Philipp Buschor (Die Mitte), Bettina Surber (Pr\u00e4sidentin, SP), Heinz Habegger (SVP), Martina Bossart (Die Mitte) und Samuel Hanselmann (FDP) (von links).<\/p>\t\t\t\t\t\t\t\t<\/div>\n\t\t\t\t<\/div>\n\t\t\t\t<div class=\"elementor-element elementor-element-fd387b8 elementor-widget elementor-widget-text-editor\" data-id=\"fd387b8\" data-element_type=\"widget\" data-widget_type=\"text-editor.default\">\n\t\t\t\t<div class=\"elementor-widget-container\">\n\t\t\t\t\t\t\t\t\t<p><strong>Ausgeschiedene Mitglieder<\/strong><\/p><p>Stefan K\u00f6lliker (Pr\u00e4sident, SVP, bis Mai 2024, Nachfolgerin: Bettina Surber, SP)<br \/>Rolf Cristuzzi (Die Mitte, bis Mai 2024, Nachfolger: Philipp Buschor, die Mitte)<\/p>\t\t\t\t\t\t\t\t<\/div>\n\t\t\t\t<\/div>\n\t\t\t\t\t<\/div>\n\t\t\t\t<\/div>\n\t\t<div class=\"elementor-element elementor-element-c04e3ab e-flex e-con-boxed e-con e-parent\" data-id=\"c04e3ab\" data-element_type=\"container\" data-settings=\"{&quot;jet_parallax_layout_list&quot;:[]}\">\n\t\t\t\t\t<div class=\"e-con-inner\">\n\t\t\t\t<div class=\"elementor-element elementor-element-d5d9899 elementor-widget elementor-widget-template\" data-id=\"d5d9899\" data-element_type=\"widget\" data-widget_type=\"template.default\">\n\t\t\t\t<div class=\"elementor-widget-container\">\n\t\t\t\t\t\t\t<div class=\"elementor-template\">\n\t\t\t\t\t<div data-elementor-type=\"container\" data-elementor-id=\"5716\" class=\"elementor elementor-5716\" data-elementor-post-type=\"elementor_library\">\n\t\t\t\t<div class=\"elementor-element elementor-element-23c3e09e e-flex e-con-boxed e-con e-parent\" data-id=\"23c3e09e\" data-element_type=\"container\" data-settings=\"{&quot;jet_parallax_layout_list&quot;:[]}\">\n\t\t\t\t\t<div class=\"e-con-inner\">\n\t\t\t\t<div class=\"elementor-element elementor-element-70f02ec elementor-widget elementor-widget-spacer\" data-id=\"70f02ec\" data-element_type=\"widget\" data-widget_type=\"spacer.default\">\n\t\t\t\t<div class=\"elementor-widget-container\">\n\t\t\t\t\t\t\t<div class=\"elementor-spacer\">\n\t\t\t<div class=\"elementor-spacer-inner\"><\/div>\n\t\t<\/div>\n\t\t\t\t\t\t<\/div>\n\t\t\t\t<\/div>\n\t\t\t\t<div class=\"elementor-element elementor-element-296a0c96 elementor-widget elementor-widget-heading\" data-id=\"296a0c96\" data-element_type=\"widget\" data-widget_type=\"heading.default\">\n\t\t\t\t<div class=\"elementor-widget-container\">\n\t\t\t\t\t<h3 class=\"elementor-heading-title elementor-size-default\">Weitere Themen, die Sie interessieren k\u00f6nnten<\/h3>\t\t\t\t<\/div>\n\t\t\t\t<\/div>\n\t\t\t\t<div class=\"elementor-element elementor-element-3c21c8db elementor-hidden-tablet elementor-widget elementor-widget-raven-posts\" data-id=\"3c21c8db\" data-element_type=\"widget\" data-settings=\"{&quot;classic_columns&quot;:&quot;4&quot;,&quot;query_posts_per_page&quot;:4,&quot;_skin&quot;:&quot;classic&quot;,&quot;classic_layout&quot;:&quot;grid&quot;,&quot;classic_columns_tablet&quot;:&quot;2&quot;,&quot;classic_columns_mobile&quot;:&quot;1&quot;,&quot;query_offset&quot;:0}\" data-widget_type=\"raven-posts.classic\">\n\t\t\t\t<div class=\"elementor-widget-container\">\n\t\t\t\t\t\t\t<div class=\"raven-posts raven-grid raven-grid-4 raven-grid-mobile-1 raven-grid-tablet-2\" data-post-id=\"5716\" data-archive-query=\"\" data-lang=\"\">\n\t\t\t\t<div class=\"raven-grid-item raven-post-item post-1152 page type-page status-publish has-post-thumbnail hentry\">\n\t\t\t<div class=\"raven-post elementor-animation-grow\">\n\t\t\t\t\t\t<div class=\"raven-post-image-wrap\">\n\t\t\t<a class=\"raven-post-image raven-image-fit\" href=\"https:\/\/phsg-jahresbericht.ch\/2024\/zahlen-fakten\/studierendenzahlen\/\"><img decoding=\"async\" width=\"800\" height=\"534\" src=\"https:\/\/phsg-jahresbericht.ch\/2024\/wp-content\/uploads\/sites\/5\/phsg-jahresbericht-2024-weitere-themen-studierendenzahlen.jpg\" class=\"attachment-large size-large wp-image-7373\" alt=\"\" srcset=\"https:\/\/phsg-jahresbericht.ch\/2024\/wp-content\/uploads\/sites\/5\/phsg-jahresbericht-2024-weitere-themen-studierendenzahlen.jpg 800w, https:\/\/phsg-jahresbericht.ch\/2024\/wp-content\/uploads\/sites\/5\/phsg-jahresbericht-2024-weitere-themen-studierendenzahlen-768x513.jpg 768w\" sizes=\"(max-width: 800px) 100vw, 800px\" \/> <span class=\"raven-post-image-overlay\"><\/span><\/a>\t\t<\/div>\n\t\t\t\t\t\t<div class=\"raven-post-content\">\n\t\t\t\t\t<h3 class=\"raven-post-title\"><a class=\"raven-post-title-link\" href=\"https:\/\/phsg-jahresbericht.ch\/2024\/zahlen-fakten\/studierendenzahlen\/\">Studierendenzahlen<\/a><\/h3>\t\t\t\t<\/div>\n\t\t\t<\/div>\n\t\t<\/div>\n\t\t\t\t<div class=\"raven-grid-item raven-post-item post-597 page type-page status-publish has-post-thumbnail hentry\">\n\t\t\t<div class=\"raven-post elementor-animation-grow\">\n\t\t\t\t\t\t<div class=\"raven-post-image-wrap\">\n\t\t\t<a class=\"raven-post-image raven-image-fit\" href=\"https:\/\/phsg-jahresbericht.ch\/2024\/berichtsjahr-2024\/forschung-entwicklung\/\"><img decoding=\"async\" width=\"2560\" height=\"1116\" src=\"https:\/\/phsg-jahresbericht.ch\/2024\/wp-content\/uploads\/sites\/5\/phsg-jahresbericht-2024-berichtsjahr-forschung-entwicklung-headerbild.jpg\" class=\"attachment-large size-large wp-image-5909\" alt=\"\" srcset=\"https:\/\/phsg-jahresbericht.ch\/2024\/wp-content\/uploads\/sites\/5\/phsg-jahresbericht-2024-berichtsjahr-forschung-entwicklung-headerbild.jpg 2560w, https:\/\/phsg-jahresbericht.ch\/2024\/wp-content\/uploads\/sites\/5\/phsg-jahresbericht-2024-berichtsjahr-forschung-entwicklung-headerbild-768x335.jpg 768w, https:\/\/phsg-jahresbericht.ch\/2024\/wp-content\/uploads\/sites\/5\/phsg-jahresbericht-2024-berichtsjahr-forschung-entwicklung-headerbild-1536x670.jpg 1536w, https:\/\/phsg-jahresbericht.ch\/2024\/wp-content\/uploads\/sites\/5\/phsg-jahresbericht-2024-berichtsjahr-forschung-entwicklung-headerbild-2048x893.jpg 2048w\" sizes=\"(max-width: 2560px) 100vw, 2560px\" \/> <span class=\"raven-post-image-overlay\"><\/span><\/a>\t\t<\/div>\n\t\t\t\t\t\t<div class=\"raven-post-content\">\n\t\t\t\t\t<h3 class=\"raven-post-title\"><a class=\"raven-post-title-link\" href=\"https:\/\/phsg-jahresbericht.ch\/2024\/berichtsjahr-2024\/forschung-entwicklung\/\">Forschung &amp; Entwicklung<\/a><\/h3>\t\t\t\t<\/div>\n\t\t\t<\/div>\n\t\t<\/div>\n\t\t\t\t<div class=\"raven-grid-item raven-post-item post-4035 page type-page status-publish has-post-thumbnail hentry\">\n\t\t\t<div class=\"raven-post elementor-animation-grow\">\n\t\t\t\t\t\t<div class=\"raven-post-image-wrap\">\n\t\t\t<a class=\"raven-post-image raven-image-fit\" href=\"https:\/\/phsg-jahresbericht.ch\/2024\/ueber-uns\/zentren\/\"><img loading=\"lazy\" decoding=\"async\" width=\"2560\" height=\"1116\" src=\"https:\/\/phsg-jahresbericht.ch\/2024\/wp-content\/uploads\/sites\/5\/phsg-jahresbericht-ueber-uns-zentren-headerbild.jpg\" class=\"attachment-large size-large wp-image-6214\" alt=\"\" srcset=\"https:\/\/phsg-jahresbericht.ch\/2024\/wp-content\/uploads\/sites\/5\/phsg-jahresbericht-ueber-uns-zentren-headerbild.jpg 2560w, https:\/\/phsg-jahresbericht.ch\/2024\/wp-content\/uploads\/sites\/5\/phsg-jahresbericht-ueber-uns-zentren-headerbild-768x335.jpg 768w, https:\/\/phsg-jahresbericht.ch\/2024\/wp-content\/uploads\/sites\/5\/phsg-jahresbericht-ueber-uns-zentren-headerbild-1536x670.jpg 1536w, https:\/\/phsg-jahresbericht.ch\/2024\/wp-content\/uploads\/sites\/5\/phsg-jahresbericht-ueber-uns-zentren-headerbild-2048x893.jpg 2048w\" sizes=\"(max-width: 2560px) 100vw, 2560px\" \/> <span class=\"raven-post-image-overlay\"><\/span><\/a>\t\t<\/div>\n\t\t\t\t\t\t<div class=\"raven-post-content\">\n\t\t\t\t\t<h3 class=\"raven-post-title\"><a class=\"raven-post-title-link\" href=\"https:\/\/phsg-jahresbericht.ch\/2024\/ueber-uns\/zentren\/\">Zentren<\/a><\/h3>\t\t\t\t<\/div>\n\t\t\t<\/div>\n\t\t<\/div>\n\t\t\t\t<div class=\"raven-grid-item raven-post-item post-5954 page type-page status-publish has-post-thumbnail hentry\">\n\t\t\t<div class=\"raven-post elementor-animation-grow\">\n\t\t\t\t\t\t<div class=\"raven-post-image-wrap\">\n\t\t\t<a class=\"raven-post-image raven-image-fit\" href=\"https:\/\/phsg-jahresbericht.ch\/2024\/berichtsjahr-2024\/stabsstellen\/\"><img loading=\"lazy\" decoding=\"async\" width=\"2560\" height=\"1116\" src=\"https:\/\/phsg-jahresbericht.ch\/2024\/wp-content\/uploads\/sites\/5\/phsg-jahresbericht-2024-berichtsjahr-stabsstellen-headerbild-1.jpg\" class=\"attachment-large size-large wp-image-7353\" alt=\"\" srcset=\"https:\/\/phsg-jahresbericht.ch\/2024\/wp-content\/uploads\/sites\/5\/phsg-jahresbericht-2024-berichtsjahr-stabsstellen-headerbild-1.jpg 2560w, https:\/\/phsg-jahresbericht.ch\/2024\/wp-content\/uploads\/sites\/5\/phsg-jahresbericht-2024-berichtsjahr-stabsstellen-headerbild-1-768x335.jpg 768w, https:\/\/phsg-jahresbericht.ch\/2024\/wp-content\/uploads\/sites\/5\/phsg-jahresbericht-2024-berichtsjahr-stabsstellen-headerbild-1-1536x670.jpg 1536w, https:\/\/phsg-jahresbericht.ch\/2024\/wp-content\/uploads\/sites\/5\/phsg-jahresbericht-2024-berichtsjahr-stabsstellen-headerbild-1-2048x893.jpg 2048w\" sizes=\"(max-width: 2560px) 100vw, 2560px\" \/> <span class=\"raven-post-image-overlay\"><\/span><\/a>\t\t<\/div>\n\t\t\t\t\t\t<div class=\"raven-post-content\">\n\t\t\t\t\t<h3 class=\"raven-post-title\"><a class=\"raven-post-title-link\" href=\"https:\/\/phsg-jahresbericht.ch\/2024\/berichtsjahr-2024\/stabsstellen\/\">Stabsstellen<\/a><\/h3>\t\t\t\t<\/div>\n\t\t\t<\/div>\n\t\t<\/div>\n\t\t\t\t<\/div>\n\t\t\t\t\t\t<\/div>\n\t\t\t\t<\/div>\n\t\t\t\t<div class=\"elementor-element elementor-element-39836b63 elementor-hidden-desktop elementor-hidden-mobile elementor-widget elementor-widget-raven-posts\" data-id=\"39836b63\" data-element_type=\"widget\" data-settings=\"{&quot;classic_columns&quot;:&quot;4&quot;,&quot;query_posts_per_page&quot;:3,&quot;classic_columns_tablet&quot;:&quot;3&quot;,&quot;_skin&quot;:&quot;classic&quot;,&quot;classic_layout&quot;:&quot;grid&quot;,&quot;classic_columns_mobile&quot;:&quot;1&quot;,&quot;query_offset&quot;:0}\" data-widget_type=\"raven-posts.classic\">\n\t\t\t\t<div class=\"elementor-widget-container\">\n\t\t\t\t\t\t\t<div class=\"raven-posts raven-grid raven-grid-4 raven-grid-mobile-1 raven-grid-tablet-3\" data-post-id=\"5716\" data-archive-query=\"\" data-lang=\"\">\n\t\t\t\t<div class=\"raven-grid-item raven-post-item post-6125 page type-page status-publish has-post-thumbnail hentry\">\n\t\t\t<div class=\"raven-post elementor-animation-grow\">\n\t\t\t\t\t\t<div class=\"raven-post-image-wrap\">\n\t\t\t<a class=\"raven-post-image raven-image-fit\" href=\"https:\/\/phsg-jahresbericht.ch\/2024\/fokus\/wefo\/\"><img loading=\"lazy\" decoding=\"async\" width=\"2560\" height=\"1116\" src=\"https:\/\/phsg-jahresbericht.ch\/2024\/wp-content\/uploads\/sites\/5\/phsg-jahresbericht-2024-fokus-wefo-headerbild.jpg\" class=\"attachment-large size-large wp-image-7339\" alt=\"\" srcset=\"https:\/\/phsg-jahresbericht.ch\/2024\/wp-content\/uploads\/sites\/5\/phsg-jahresbericht-2024-fokus-wefo-headerbild.jpg 2560w, https:\/\/phsg-jahresbericht.ch\/2024\/wp-content\/uploads\/sites\/5\/phsg-jahresbericht-2024-fokus-wefo-headerbild-768x335.jpg 768w, https:\/\/phsg-jahresbericht.ch\/2024\/wp-content\/uploads\/sites\/5\/phsg-jahresbericht-2024-fokus-wefo-headerbild-1536x670.jpg 1536w, https:\/\/phsg-jahresbericht.ch\/2024\/wp-content\/uploads\/sites\/5\/phsg-jahresbericht-2024-fokus-wefo-headerbild-2048x893.jpg 2048w\" sizes=\"(max-width: 2560px) 100vw, 2560px\" \/> <span class=\"raven-post-image-overlay\"><\/span><\/a>\t\t<\/div>\n\t\t\t\t\t\t<div class=\"raven-post-content\">\n\t\t\t\t\t<h3 class=\"raven-post-title\"><a class=\"raven-post-title-link\" href=\"https:\/\/phsg-jahresbericht.ch\/2024\/fokus\/wefo\/\">WEFO<\/a><\/h3>\t\t\t\t<\/div>\n\t\t\t<\/div>\n\t\t<\/div>\n\t\t\t\t<div class=\"raven-grid-item raven-post-item post-1152 page type-page status-publish has-post-thumbnail hentry\">\n\t\t\t<div class=\"raven-post elementor-animation-grow\">\n\t\t\t\t\t\t<div class=\"raven-post-image-wrap\">\n\t\t\t<a class=\"raven-post-image raven-image-fit\" href=\"https:\/\/phsg-jahresbericht.ch\/2024\/zahlen-fakten\/studierendenzahlen\/\"><img decoding=\"async\" width=\"800\" height=\"534\" src=\"https:\/\/phsg-jahresbericht.ch\/2024\/wp-content\/uploads\/sites\/5\/phsg-jahresbericht-2024-weitere-themen-studierendenzahlen.jpg\" class=\"attachment-large size-large wp-image-7373\" alt=\"\" srcset=\"https:\/\/phsg-jahresbericht.ch\/2024\/wp-content\/uploads\/sites\/5\/phsg-jahresbericht-2024-weitere-themen-studierendenzahlen.jpg 800w, https:\/\/phsg-jahresbericht.ch\/2024\/wp-content\/uploads\/sites\/5\/phsg-jahresbericht-2024-weitere-themen-studierendenzahlen-768x513.jpg 768w\" sizes=\"(max-width: 800px) 100vw, 800px\" \/> <span class=\"raven-post-image-overlay\"><\/span><\/a>\t\t<\/div>\n\t\t\t\t\t\t<div class=\"raven-post-content\">\n\t\t\t\t\t<h3 class=\"raven-post-title\"><a class=\"raven-post-title-link\" href=\"https:\/\/phsg-jahresbericht.ch\/2024\/zahlen-fakten\/studierendenzahlen\/\">Studierendenzahlen<\/a><\/h3>\t\t\t\t<\/div>\n\t\t\t<\/div>\n\t\t<\/div>\n\t\t\t\t<div class=\"raven-grid-item raven-post-item post-768 page type-page status-publish has-post-thumbnail hentry\">\n\t\t\t<div class=\"raven-post elementor-animation-grow\">\n\t\t\t\t\t\t<div class=\"raven-post-image-wrap\">\n\t\t\t<a class=\"raven-post-image raven-image-fit\" href=\"https:\/\/phsg-jahresbericht.ch\/2024\/zahlen-fakten\/personalbestand\/\"><img loading=\"lazy\" decoding=\"async\" width=\"800\" height=\"533\" src=\"https:\/\/phsg-jahresbericht.ch\/2024\/wp-content\/uploads\/sites\/5\/phsg-jahresbericht-2024-weitere-themen-personalbestand.jpg\" class=\"attachment-large size-large wp-image-7372\" alt=\"\" srcset=\"https:\/\/phsg-jahresbericht.ch\/2024\/wp-content\/uploads\/sites\/5\/phsg-jahresbericht-2024-weitere-themen-personalbestand.jpg 800w, https:\/\/phsg-jahresbericht.ch\/2024\/wp-content\/uploads\/sites\/5\/phsg-jahresbericht-2024-weitere-themen-personalbestand-768x512.jpg 768w\" sizes=\"(max-width: 800px) 100vw, 800px\" \/> <span class=\"raven-post-image-overlay\"><\/span><\/a>\t\t<\/div>\n\t\t\t\t\t\t<div class=\"raven-post-content\">\n\t\t\t\t\t<h3 class=\"raven-post-title\"><a class=\"raven-post-title-link\" href=\"https:\/\/phsg-jahresbericht.ch\/2024\/zahlen-fakten\/personalbestand\/\">Personalbestand<\/a><\/h3>\t\t\t\t<\/div>\n\t\t\t<\/div>\n\t\t<\/div>\n\t\t\t\t<\/div>\n\t\t\t\t\t\t<\/div>\n\t\t\t\t<\/div>\n\t\t\t\t\t<\/div>\n\t\t\t\t<\/div>\n\t\t\t\t<\/div>\n\t\t\t\t<\/div>\n\t\t\t\t\t\t<\/div>\n\t\t\t\t<\/div>\n\t\t\t\t\t<\/div>\n\t\t\t\t<\/div>\n\t\t\t\t<\/div>\n\t\t","protected":false},"excerpt":{"rendered":"<p>\u00dcber uns Der Hochschulrat besteht aus sieben Mitgliedern. Pr\u00e4sidentin des Hochschulrates ist seit Juni 2024 Regierungsr\u00e4tin Bettina Surber als Vorsteherin des Bildungsdepartementes. Katrin Glaus (SP), Sandro Wasserfallen (SVP), Philipp Buschor (Die Mitte), Bettina Surber (Pr\u00e4sidentin, SP), Heinz Habegger (SVP), Martina Bossart (Die Mitte) und Samuel Hanselmann (FDP) (von links). Ausgeschiedene Mitglieder Stefan K\u00f6lliker (Pr\u00e4sident, SVP, [&hellip;]<\/p>\n","protected":false},"author":1,"featured_media":0,"parent":1356,"menu_order":0,"comment_status":"closed","ping_status":"closed","template":"elementor_header_footer","meta":{"_acf_changed":false,"footnotes":""},"class_list":["post-1114","page","type-page","status-publish","hentry"],"acf":[],"_links":{"self":[{"href":"https:\/\/phsg-jahresbericht.ch\/2024\/wp-json\/wp\/v2\/pages\/1114","targetHints":{"allow":["GET"]}}],"collection":[{"href":"https:\/\/phsg-jahresbericht.ch\/2024\/wp-json\/wp\/v2\/pages"}],"about":[{"href":"https:\/\/phsg-jahresbericht.ch\/2024\/wp-json\/wp\/v2\/types\/page"}],"author":[{"embeddable":true,"href":"https:\/\/phsg-jahresbericht.ch\/2024\/wp-json\/wp\/v2\/users\/1"}],"replies":[{"embeddable":true,"href":"https:\/\/phsg-jahresbericht.ch\/2024\/wp-json\/wp\/v2\/comments?post=1114"}],"version-history":[{"count":113,"href":"https:\/\/phsg-jahresbericht.ch\/2024\/wp-json\/wp\/v2\/pages\/1114\/revisions"}],"predecessor-version":[{"id":6079,"href":"https:\/\/phsg-jahresbericht.ch\/2024\/wp-json\/wp\/v2\/pages\/1114\/revisions\/6079"}],"up":[{"embeddable":true,"href":"https:\/\/phsg-jahresbericht.ch\/2024\/wp-json\/wp\/v2\/pages\/1356"}],"wp:attachment":[{"href":"https:\/\/phsg-jahresbericht.ch\/2024\/wp-json\/wp\/v2\/media?parent=1114"}],"curies":[{"name":"wp","href":"https:\/\/api.w.org\/{rel}","templated":true}]}}