{"id":891,"date":"2022-04-21T13:58:29","date_gmt":"2022-04-21T11:58:29","guid":{"rendered":"https:\/\/phsg-jahresbericht.ch\/2023\/?page_id=891"},"modified":"2024-05-06T09:54:06","modified_gmt":"2024-05-06T07:54:06","slug":"hochschulentwicklung-und-qualitaetsmanagement","status":"publish","type":"page","link":"https:\/\/phsg-jahresbericht.ch\/2023\/organisation\/hochschulentwicklung-und-qualitaetsmanagement\/","title":{"rendered":"Hochschulentwicklung und Qualit\u00e4tsmanagement"},"content":{"rendered":"\t\t<div data-elementor-type=\"wp-page\" data-elementor-id=\"891\" class=\"elementor elementor-891\" data-elementor-post-type=\"page\">\n\t\t\t\t<div class=\"elementor-element elementor-element-67d9eea e-flex e-con-boxed e-con e-parent\" data-id=\"67d9eea\" data-element_type=\"container\" data-settings=\"{&quot;jet_parallax_layout_list&quot;:[]}\">\n\t\t\t\t\t<div class=\"e-con-inner\">\n\t\t<div class=\"elementor-element elementor-element-8a687e5 e-con-full e-flex e-con e-child\" data-id=\"8a687e5\" data-element_type=\"container\" data-settings=\"{&quot;jet_parallax_layout_list&quot;:[]}\">\n\t\t\t\t<div class=\"elementor-element elementor-element-4390615 elementor-widget elementor-widget-heading\" data-id=\"4390615\" data-element_type=\"widget\" id=\"subtitle-underline\" data-widget_type=\"heading.default\">\n\t\t\t\t<div class=\"elementor-widget-container\">\n\t\t\t\t\t<h3 class=\"elementor-heading-title elementor-size-default\">Organisation<\/h3>\t\t\t\t<\/div>\n\t\t\t\t<\/div>\n\t\t\t\t<div class=\"elementor-element elementor-element-1dc67ba elementor-widget elementor-widget-heading\" data-id=\"1dc67ba\" data-element_type=\"widget\" data-widget_type=\"heading.default\">\n\t\t\t\t<div class=\"elementor-widget-container\">\n\t\t\t\t\t<h1 class=\"elementor-heading-title elementor-size-default\">Hochschul&shy;entwicklung und Qualit\u00e4ts&shy;mana&shy;gement<\/h1>\t\t\t\t<\/div>\n\t\t\t\t<\/div>\n\t\t\t\t<div class=\"elementor-element elementor-element-8f3acba elementor-widget elementor-widget-heading\" data-id=\"8f3acba\" data-element_type=\"widget\" data-widget_type=\"heading.default\">\n\t\t\t\t<div class=\"elementor-widget-container\">\n\t\t\t\t\t<h3 class=\"elementor-heading-title elementor-size-default\">Das pr\u00e4gende Thema f\u00fcr die Stabsstelle Hochschulentwicklung und Qualit\u00e4tsmanagement war im Berichtsjahr die Einf\u00fchrung der neuen Organisationsstruktur und des neuen Laufbahnmodells.<\/h3>\t\t\t\t<\/div>\n\t\t\t\t<\/div>\n\t\t\t\t<div class=\"elementor-element elementor-element-7d2b8bd elementor-widget elementor-widget-text-editor\" data-id=\"7d2b8bd\" data-element_type=\"widget\" data-widget_type=\"text-editor.default\">\n\t\t\t\t<div class=\"elementor-widget-container\">\n\t\t\t\t\t\t\t\t\t<p style=\"text-align: center;\"><span style=\"text-decoration: underline;\"><span style=\"color: #cca36e;\"><a style=\"color: #cca36e; text-decoration: underline;\" href=\"\/organisation\/\" target=\"_blank\" rel=\"noopener\">Mehr zur Einf\u00fchrung der neuen Organisationsstruktur und des neuen Laufbahnmodells<\/a><\/span><\/span><\/p>\t\t\t\t\t\t\t\t<\/div>\n\t\t\t\t<\/div>\n\t\t\t\t<\/div>\n\t\t\t\t\t<\/div>\n\t\t\t\t<\/div>\n\t\t<div class=\"elementor-element elementor-element-d788de4 e-flex e-con-boxed e-con e-parent\" data-id=\"d788de4\" data-element_type=\"container\" data-settings=\"{&quot;jet_parallax_layout_list&quot;:[]}\">\n\t\t\t\t\t<div class=\"e-con-inner\">\n\t\t<div class=\"elementor-element elementor-element-fd16f2a e-con-full e-flex e-con e-child\" data-id=\"fd16f2a\" data-element_type=\"container\" data-settings=\"{&quot;jet_parallax_layout_list&quot;:[]}\">\n\t\t\t\t<div class=\"elementor-element elementor-element-f54097b elementor-widget elementor-widget-heading\" data-id=\"f54097b\" data-element_type=\"widget\" data-widget_type=\"heading.default\">\n\t\t\t\t<div class=\"elementor-widget-container\">\n\t\t\t\t\t<h2 class=\"elementor-heading-title elementor-size-default\">Qualit\u00e4ts&shy;management<\/h2>\t\t\t\t<\/div>\n\t\t\t\t<\/div>\n\t\t\t\t<div class=\"elementor-element elementor-element-1c212e2 elementor-widget elementor-widget-text-editor\" data-id=\"1c212e2\" data-element_type=\"widget\" data-widget_type=\"text-editor.default\">\n\t\t\t\t<div class=\"elementor-widget-container\">\n\t\t\t\t\t\t\t\t\t<p>Anfang 2023 haben die Prorektorate die ersten Berichte im Rahmen der neuen Qualit\u00e4tscockpits erhalten. Diese neuen Qualit\u00e4tssicherungsinstrumente wurden in den vergangenen zwei Jahren entwickelt. Damit werden zentrale Qualit\u00e4tsziele f\u00fcr die vier Leistungsbereiche Ausbildung, Forschung &amp; Entwicklung, Weiterbildung und Dienstleistung definiert. Ausgehend von diesen Qualit\u00e4tszielen werden Indikatoren (woran soll das Erreichen des Ziels gemessen werden?) und Schwellenwerte (ab wann gilt der gemessene Wert als gen\u00fcgend?) abgeleitet. Sie helfen, die Qualit\u00e4t im jeweiligen Leistungsbereich messbar zu machen und entsprechend weiterzuentwickeln.<\/p><p>\u00dcber den aktuellen Erf\u00fcllungsgrad der Qualit\u00e4tsziele wird den Prorektoraten j\u00e4hrlich Bericht erstattet. Somit stellen die Qualit\u00e4tscockpits f\u00fcr die Prorektorate eine Unterst\u00fctzung in der Qualit\u00e4tsentwicklung dar und dienen dar\u00fcber hinaus den Instituten als Rahmen f\u00fcr ihre Leistungsvereinbarungen. Damit bilden die Qualit\u00e4tscockpits zentrale Steuerungsinstrumente f\u00fcr die gesamte PHSG.<\/p><p>Ausgehend von den ersten Berichten \u00fcber das Jahr 2022 haben die Prorektorate entsprechend ihren Bed\u00fcrfnissen Anpassungen an den Qualit\u00e4tscockpits vorgenommen. Mittelfristig werden auch die Institute einen spezifizierten Auszug aus den Qualit\u00e4tscockpits erhalten, in welchem sie die Werte ihres Instituts einsehen k\u00f6nnen.<\/p>\t\t\t\t\t\t\t\t<\/div>\n\t\t\t\t<\/div>\n\t\t\t\t<div class=\"elementor-element elementor-element-0ee0c1c elementor-widget elementor-widget-heading\" data-id=\"0ee0c1c\" data-element_type=\"widget\" data-widget_type=\"heading.default\">\n\t\t\t\t<div class=\"elementor-widget-container\">\n\t\t\t\t\t<h2 class=\"elementor-heading-title elementor-size-default\">Gender & Diversity<\/h2>\t\t\t\t<\/div>\n\t\t\t\t<\/div>\n\t\t\t\t<div class=\"elementor-element elementor-element-386f5c5 elementor-widget elementor-widget-text-editor\" data-id=\"386f5c5\" data-element_type=\"widget\" data-widget_type=\"text-editor.default\">\n\t\t\t\t<div class=\"elementor-widget-container\">\n\t\t\t\t\t\t\t\t\t<p>Als Teil des Massnahmenplans Gender &amp; Diversity hat die Fachstelle Gender &amp; Diversity eine Weiterbildung zu diversit\u00e4tssensibler Sprache durchgef\u00fchrt. Die PHSG beteiligte sich ausserdem mit zwei Veranstaltungen f\u00fcr Mitarbeitende und Studierende am ersten schweizweiten \u00abSexual Harassment Awarness Day\u00bb gegen sexuelle Bel\u00e4stigung. Die Umsetzung des Massnahmenplans Gender &amp; Diversity soll 2024 weiter vorangetrieben werden.<\/p>\t\t\t\t\t\t\t\t<\/div>\n\t\t\t\t<\/div>\n\t\t\t\t<\/div>\n\t\t\t\t\t<\/div>\n\t\t\t\t<\/div>\n\t\t<div class=\"elementor-element elementor-element-f5c12f8 e-flex e-con-boxed e-con e-parent\" data-id=\"f5c12f8\" data-element_type=\"container\" data-settings=\"{&quot;jet_parallax_layout_list&quot;:[]}\">\n\t\t\t\t\t<div class=\"e-con-inner\">\n\t\t<div class=\"elementor-element elementor-element-5c34ad2 e-con-full e-flex e-con e-child\" data-id=\"5c34ad2\" data-element_type=\"container\" data-settings=\"{&quot;jet_parallax_layout_list&quot;:[]}\">\n\t\t\t\t<div class=\"elementor-element elementor-element-f1ee80b elementor-widget elementor-widget-template\" data-id=\"f1ee80b\" data-element_type=\"widget\" data-widget_type=\"template.default\">\n\t\t\t\t<div class=\"elementor-widget-container\">\n\t\t\t\t\t\t\t<div class=\"elementor-template\">\n\t\t\t\t\t<div data-elementor-type=\"section\" data-elementor-id=\"725\" class=\"elementor elementor-725\" data-elementor-post-type=\"elementor_library\">\n\t\t\t<div class=\"elementor-element elementor-element-33977ce e-flex e-con-boxed e-con e-parent\" data-id=\"33977ce\" data-element_type=\"container\" data-settings=\"{&quot;jet_parallax_layout_list&quot;:[]}\">\n\t\t\t\t\t<div class=\"e-con-inner\">\n\t\t<div class=\"elementor-element elementor-element-d3657bc e-con-full e-flex e-con e-child\" data-id=\"d3657bc\" data-element_type=\"container\" data-settings=\"{&quot;jet_parallax_layout_list&quot;:[]}\">\n\t\t\t\t<div class=\"elementor-element elementor-element-c093f84 elementor-widget elementor-widget-spacer\" data-id=\"c093f84\" data-element_type=\"widget\" data-widget_type=\"spacer.default\">\n\t\t\t\t<div class=\"elementor-widget-container\">\n\t\t\t\t\t\t\t<div class=\"elementor-spacer\">\n\t\t\t<div class=\"elementor-spacer-inner\"><\/div>\n\t\t<\/div>\n\t\t\t\t\t\t<\/div>\n\t\t\t\t<\/div>\n\t\t\t\t<div class=\"elementor-element elementor-element-98c0e91 elementor-widget elementor-widget-heading\" data-id=\"98c0e91\" data-element_type=\"widget\" data-widget_type=\"heading.default\">\n\t\t\t\t<div class=\"elementor-widget-container\">\n\t\t\t\t\t<h3 class=\"elementor-heading-title elementor-size-default\">Weitere Themen, die Sie interessieren k\u00f6nnten<\/h3>\t\t\t\t<\/div>\n\t\t\t\t<\/div>\n\t\t\t\t<div class=\"elementor-element elementor-element-7b74da4 elementor-hidden-tablet elementor-widget elementor-widget-raven-posts\" data-id=\"7b74da4\" data-element_type=\"widget\" data-settings=\"{&quot;classic_columns&quot;:&quot;4&quot;,&quot;query_posts_per_page&quot;:4,&quot;_skin&quot;:&quot;classic&quot;,&quot;classic_layout&quot;:&quot;grid&quot;,&quot;classic_columns_tablet&quot;:&quot;2&quot;,&quot;classic_columns_mobile&quot;:&quot;1&quot;,&quot;query_offset&quot;:0}\" data-widget_type=\"raven-posts.classic\">\n\t\t\t\t<div class=\"elementor-widget-container\">\n\t\t\t\t\t\t\t<div class=\"raven-posts raven-grid raven-grid-4 raven-grid-mobile-1 raven-grid-tablet-2\" data-post-id=\"725\" data-archive-query=\"\" data-lang=\"\">\n\t\t\t\t<div class=\"raven-grid-item raven-post-item post-4035 page type-page status-publish has-post-thumbnail hentry\">\n\t\t\t<div class=\"raven-post elementor-animation-grow\">\n\t\t\t\t\t\t<div class=\"raven-post-image-wrap\">\n\t\t\t<a class=\"raven-post-image raven-image-fit\" href=\"https:\/\/phsg-jahresbericht.ch\/2023\/organisation\/zentren\/\"><img fetchpriority=\"high\" decoding=\"async\" width=\"1200\" height=\"630\" src=\"https:\/\/phsg-jahresbericht.ch\/2023\/wp-content\/uploads\/sites\/4\/Hochschulentw-QM-PHSG-Jahresbericht.jpg\" class=\"attachment-large size-large wp-image-2006\" alt=\"\" srcset=\"https:\/\/phsg-jahresbericht.ch\/2023\/wp-content\/uploads\/sites\/4\/Hochschulentw-QM-PHSG-Jahresbericht.jpg 1200w, https:\/\/phsg-jahresbericht.ch\/2023\/wp-content\/uploads\/sites\/4\/Hochschulentw-QM-PHSG-Jahresbericht-768x403.jpg 768w\" sizes=\"(max-width: 1200px) 100vw, 1200px\" \/> <span class=\"raven-post-image-overlay\"><\/span><\/a>\t\t<\/div>\n\t\t\t\t\t\t<div class=\"raven-post-content\">\n\t\t\t\t\t<h3 class=\"raven-post-title\"><a class=\"raven-post-title-link\" href=\"https:\/\/phsg-jahresbericht.ch\/2023\/organisation\/zentren\/\">Zentren<\/a><\/h3>\t\t\t\t<\/div>\n\t\t\t<\/div>\n\t\t<\/div>\n\t\t\t\t<div class=\"raven-grid-item raven-post-item post-1356 page type-page status-publish has-post-thumbnail hentry\">\n\t\t\t<div class=\"raven-post elementor-animation-grow\">\n\t\t\t\t\t\t<div class=\"raven-post-image-wrap\">\n\t\t\t<a class=\"raven-post-image raven-image-fit\" href=\"https:\/\/phsg-jahresbericht.ch\/2023\/ueber-uns\/\"><img decoding=\"async\" width=\"1200\" height=\"811\" src=\"https:\/\/phsg-jahresbericht.ch\/2023\/wp-content\/uploads\/sites\/4\/phsg-jahresbericht-2022-ueber-uns-beitragsbild.jpg\" class=\"attachment-large size-large wp-image-3538\" alt=\"\" srcset=\"https:\/\/phsg-jahresbericht.ch\/2023\/wp-content\/uploads\/sites\/4\/phsg-jahresbericht-2022-ueber-uns-beitragsbild.jpg 1200w, https:\/\/phsg-jahresbericht.ch\/2023\/wp-content\/uploads\/sites\/4\/phsg-jahresbericht-2022-ueber-uns-beitragsbild-768x519.jpg 768w\" sizes=\"(max-width: 1200px) 100vw, 1200px\" \/> <span class=\"raven-post-image-overlay\"><\/span><\/a>\t\t<\/div>\n\t\t\t\t\t\t<div class=\"raven-post-content\">\n\t\t\t\t\t<h3 class=\"raven-post-title\"><a class=\"raven-post-title-link\" href=\"https:\/\/phsg-jahresbericht.ch\/2023\/ueber-uns\/\">\u00dcber uns<\/a><\/h3>\t\t\t\t<\/div>\n\t\t\t<\/div>\n\t\t<\/div>\n\t\t\t\t<div class=\"raven-grid-item raven-post-item post-1152 page type-page status-publish has-post-thumbnail hentry\">\n\t\t\t<div class=\"raven-post elementor-animation-grow\">\n\t\t\t\t\t\t<div class=\"raven-post-image-wrap\">\n\t\t\t<a class=\"raven-post-image raven-image-fit\" href=\"https:\/\/phsg-jahresbericht.ch\/2023\/zahlen-fakten\/studierendenzahlen\/\"><img decoding=\"async\" width=\"1200\" height=\"800\" src=\"https:\/\/phsg-jahresbericht.ch\/2023\/wp-content\/uploads\/sites\/4\/phsg-jahresbericht-2022-zahlen-und-fakten-studierendenzahlen-beitragsbild.jpg\" class=\"attachment-large size-large wp-image-3537\" alt=\"\" srcset=\"https:\/\/phsg-jahresbericht.ch\/2023\/wp-content\/uploads\/sites\/4\/phsg-jahresbericht-2022-zahlen-und-fakten-studierendenzahlen-beitragsbild.jpg 1200w, https:\/\/phsg-jahresbericht.ch\/2023\/wp-content\/uploads\/sites\/4\/phsg-jahresbericht-2022-zahlen-und-fakten-studierendenzahlen-beitragsbild-768x512.jpg 768w\" sizes=\"(max-width: 1200px) 100vw, 1200px\" \/> <span class=\"raven-post-image-overlay\"><\/span><\/a>\t\t<\/div>\n\t\t\t\t\t\t<div class=\"raven-post-content\">\n\t\t\t\t\t<h3 class=\"raven-post-title\"><a class=\"raven-post-title-link\" href=\"https:\/\/phsg-jahresbericht.ch\/2023\/zahlen-fakten\/studierendenzahlen\/\">Studierendenzahlen<\/a><\/h3>\t\t\t\t<\/div>\n\t\t\t<\/div>\n\t\t<\/div>\n\t\t\t\t<div class=\"raven-grid-item raven-post-item post-302 page type-page status-publish has-post-thumbnail hentry\">\n\t\t\t<div class=\"raven-post elementor-animation-grow\">\n\t\t\t\t\t\t<div class=\"raven-post-image-wrap\">\n\t\t\t<a class=\"raven-post-image raven-image-fit\" href=\"https:\/\/phsg-jahresbericht.ch\/2023\/geschaeftsjahr-2023\/editorial\/\"><img loading=\"lazy\" decoding=\"async\" width=\"1200\" height=\"630\" src=\"https:\/\/phsg-jahresbericht.ch\/2023\/wp-content\/uploads\/sites\/4\/Editorial-PHSG-Jahresbericht.jpg\" class=\"attachment-large size-large wp-image-1025\" alt=\"\" srcset=\"https:\/\/phsg-jahresbericht.ch\/2023\/wp-content\/uploads\/sites\/4\/Editorial-PHSG-Jahresbericht.jpg 1200w, https:\/\/phsg-jahresbericht.ch\/2023\/wp-content\/uploads\/sites\/4\/Editorial-PHSG-Jahresbericht-768x403.jpg 768w\" sizes=\"(max-width: 1200px) 100vw, 1200px\" \/> <span class=\"raven-post-image-overlay\"><\/span><\/a>\t\t<\/div>\n\t\t\t\t\t\t<div class=\"raven-post-content\">\n\t\t\t\t\t<h3 class=\"raven-post-title\"><a class=\"raven-post-title-link\" href=\"https:\/\/phsg-jahresbericht.ch\/2023\/geschaeftsjahr-2023\/editorial\/\">Editorial<\/a><\/h3>\t\t\t\t<\/div>\n\t\t\t<\/div>\n\t\t<\/div>\n\t\t\t\t<\/div>\n\t\t\t\t\t\t<\/div>\n\t\t\t\t<\/div>\n\t\t\t\t<div class=\"elementor-element elementor-element-bfba9f4 elementor-hidden-desktop elementor-hidden-mobile elementor-widget elementor-widget-raven-posts\" data-id=\"bfba9f4\" data-element_type=\"widget\" data-settings=\"{&quot;classic_columns&quot;:&quot;4&quot;,&quot;query_posts_per_page&quot;:3,&quot;classic_columns_tablet&quot;:&quot;3&quot;,&quot;_skin&quot;:&quot;classic&quot;,&quot;classic_layout&quot;:&quot;grid&quot;,&quot;classic_columns_mobile&quot;:&quot;1&quot;,&quot;query_offset&quot;:0}\" data-widget_type=\"raven-posts.classic\">\n\t\t\t\t<div class=\"elementor-widget-container\">\n\t\t\t\t\t\t\t<div class=\"raven-posts raven-grid raven-grid-4 raven-grid-mobile-1 raven-grid-tablet-3\" data-post-id=\"725\" data-archive-query=\"\" data-lang=\"\">\n\t\t\t\t<div class=\"raven-grid-item raven-post-item post-3793 page type-page status-publish has-post-thumbnail hentry\">\n\t\t\t<div class=\"raven-post elementor-animation-grow\">\n\t\t\t\t\t\t<div class=\"raven-post-image-wrap\">\n\t\t\t<a class=\"raven-post-image raven-image-fit\" href=\"https:\/\/phsg-jahresbericht.ch\/2023\/geschaeftsjahr-2023\/chronik\/\"><img loading=\"lazy\" decoding=\"async\" width=\"1200\" height=\"830\" src=\"https:\/\/phsg-jahresbericht.ch\/2023\/wp-content\/uploads\/sites\/4\/phsg-jahresbericht-2022-chronik-beitragsbild.jpg\" class=\"attachment-large size-large wp-image-3635\" alt=\"\" srcset=\"https:\/\/phsg-jahresbericht.ch\/2023\/wp-content\/uploads\/sites\/4\/phsg-jahresbericht-2022-chronik-beitragsbild.jpg 1200w, https:\/\/phsg-jahresbericht.ch\/2023\/wp-content\/uploads\/sites\/4\/phsg-jahresbericht-2022-chronik-beitragsbild-768x531.jpg 768w\" sizes=\"(max-width: 1200px) 100vw, 1200px\" \/> <span class=\"raven-post-image-overlay\"><\/span><\/a>\t\t<\/div>\n\t\t\t\t\t\t<div class=\"raven-post-content\">\n\t\t\t\t\t<h3 class=\"raven-post-title\"><a class=\"raven-post-title-link\" href=\"https:\/\/phsg-jahresbericht.ch\/2023\/geschaeftsjahr-2023\/chronik\/\">Chronik<\/a><\/h3>\t\t\t\t<\/div>\n\t\t\t<\/div>\n\t\t<\/div>\n\t\t\t\t<div class=\"raven-grid-item raven-post-item post-3809 page type-page status-publish has-post-thumbnail hentry\">\n\t\t\t<div class=\"raven-post elementor-animation-grow\">\n\t\t\t\t\t\t<div class=\"raven-post-image-wrap\">\n\t\t\t<a class=\"raven-post-image raven-image-fit\" href=\"https:\/\/phsg-jahresbericht.ch\/2023\/leistungsbereiche\/dienstleistung\/\"><img loading=\"lazy\" decoding=\"async\" width=\"2560\" height=\"1116\" src=\"https:\/\/phsg-jahresbericht.ch\/2023\/wp-content\/uploads\/sites\/4\/phsg-jahresbericht-2023-dienstleistung-headerbild.jpg\" class=\"attachment-large size-large wp-image-3964\" alt=\"\" srcset=\"https:\/\/phsg-jahresbericht.ch\/2023\/wp-content\/uploads\/sites\/4\/phsg-jahresbericht-2023-dienstleistung-headerbild.jpg 2560w, https:\/\/phsg-jahresbericht.ch\/2023\/wp-content\/uploads\/sites\/4\/phsg-jahresbericht-2023-dienstleistung-headerbild-768x335.jpg 768w, https:\/\/phsg-jahresbericht.ch\/2023\/wp-content\/uploads\/sites\/4\/phsg-jahresbericht-2023-dienstleistung-headerbild-1536x670.jpg 1536w, https:\/\/phsg-jahresbericht.ch\/2023\/wp-content\/uploads\/sites\/4\/phsg-jahresbericht-2023-dienstleistung-headerbild-2048x893.jpg 2048w\" sizes=\"(max-width: 2560px) 100vw, 2560px\" \/> <span class=\"raven-post-image-overlay\"><\/span><\/a>\t\t<\/div>\n\t\t\t\t\t\t<div class=\"raven-post-content\">\n\t\t\t\t\t<h3 class=\"raven-post-title\"><a class=\"raven-post-title-link\" href=\"https:\/\/phsg-jahresbericht.ch\/2023\/leistungsbereiche\/dienstleistung\/\">Dienstleistung<\/a><\/h3>\t\t\t\t<\/div>\n\t\t\t<\/div>\n\t\t<\/div>\n\t\t\t\t<div class=\"raven-grid-item raven-post-item post-762 page type-page status-publish has-post-thumbnail hentry\">\n\t\t\t<div class=\"raven-post elementor-animation-grow\">\n\t\t\t\t\t\t<div class=\"raven-post-image-wrap\">\n\t\t\t<a class=\"raven-post-image raven-image-fit\" href=\"https:\/\/phsg-jahresbericht.ch\/2023\/organisation\/institute\/\"><img loading=\"lazy\" decoding=\"async\" width=\"1200\" height=\"630\" src=\"https:\/\/phsg-jahresbericht.ch\/2023\/wp-content\/uploads\/sites\/4\/Internationale-Vernetzung-PHSG-Jahresbericht.jpg\" class=\"attachment-large size-large wp-image-2125\" alt=\"\" srcset=\"https:\/\/phsg-jahresbericht.ch\/2023\/wp-content\/uploads\/sites\/4\/Internationale-Vernetzung-PHSG-Jahresbericht.jpg 1200w, https:\/\/phsg-jahresbericht.ch\/2023\/wp-content\/uploads\/sites\/4\/Internationale-Vernetzung-PHSG-Jahresbericht-768x403.jpg 768w\" sizes=\"(max-width: 1200px) 100vw, 1200px\" \/> <span class=\"raven-post-image-overlay\"><\/span><\/a>\t\t<\/div>\n\t\t\t\t\t\t<div class=\"raven-post-content\">\n\t\t\t\t\t<h3 class=\"raven-post-title\"><a class=\"raven-post-title-link\" href=\"https:\/\/phsg-jahresbericht.ch\/2023\/organisation\/institute\/\">Institute<\/a><\/h3>\t\t\t\t<\/div>\n\t\t\t<\/div>\n\t\t<\/div>\n\t\t\t\t<\/div>\n\t\t\t\t\t\t<\/div>\n\t\t\t\t<\/div>\n\t\t\t\t<\/div>\n\t\t\t\t\t<\/div>\n\t\t\t\t<\/div>\n\t\t\t\t<\/div>\n\t\t\t\t<\/div>\n\t\t\t\t\t\t<\/div>\n\t\t\t\t<\/div>\n\t\t\t\t<\/div>\n\t\t\t\t\t<\/div>\n\t\t\t\t<\/div>\n\t\t\t\t<\/div>\n\t\t","protected":false},"excerpt":{"rendered":"<p>Organisation Hochschul&shy;entwicklung und Qualit\u00e4ts&shy;mana&shy;gement Das pr\u00e4gende Thema f\u00fcr die Stabsstelle Hochschulentwicklung und Qualit\u00e4tsmanagement war im Berichtsjahr die Einf\u00fchrung der neuen Organisationsstruktur und des neuen Laufbahnmodells. Mehr zur Einf\u00fchrung der neuen Organisationsstruktur und des neuen Laufbahnmodells Qualit\u00e4ts&shy;management Anfang 2023 haben die Prorektorate die ersten Berichte im Rahmen der neuen Qualit\u00e4tscockpits erhalten. Diese neuen Qualit\u00e4tssicherungsinstrumente wurden in [&hellip;]<\/p>\n","protected":false},"author":1,"featured_media":2006,"parent":1298,"menu_order":0,"comment_status":"closed","ping_status":"closed","template":"elementor_header_footer","meta":{"_acf_changed":false,"footnotes":""},"class_list":["post-891","page","type-page","status-publish","has-post-thumbnail","hentry"],"acf":[],"_links":{"self":[{"href":"https:\/\/phsg-jahresbericht.ch\/2023\/wp-json\/wp\/v2\/pages\/891","targetHints":{"allow":["GET"]}}],"collection":[{"href":"https:\/\/phsg-jahresbericht.ch\/2023\/wp-json\/wp\/v2\/pages"}],"about":[{"href":"https:\/\/phsg-jahresbericht.ch\/2023\/wp-json\/wp\/v2\/types\/page"}],"author":[{"embeddable":true,"href":"https:\/\/phsg-jahresbericht.ch\/2023\/wp-json\/wp\/v2\/users\/1"}],"replies":[{"embeddable":true,"href":"https:\/\/phsg-jahresbericht.ch\/2023\/wp-json\/wp\/v2\/comments?post=891"}],"version-history":[{"count":104,"href":"https:\/\/phsg-jahresbericht.ch\/2023\/wp-json\/wp\/v2\/pages\/891\/revisions"}],"predecessor-version":[{"id":5589,"href":"https:\/\/phsg-jahresbericht.ch\/2023\/wp-json\/wp\/v2\/pages\/891\/revisions\/5589"}],"up":[{"embeddable":true,"href":"https:\/\/phsg-jahresbericht.ch\/2023\/wp-json\/wp\/v2\/pages\/1298"}],"wp:featuredmedia":[{"embeddable":true,"href":"https:\/\/phsg-jahresbericht.ch\/2023\/wp-json\/wp\/v2\/media\/2006"}],"wp:attachment":[{"href":"https:\/\/phsg-jahresbericht.ch\/2023\/wp-json\/wp\/v2\/media?parent=891"}],"curies":[{"name":"wp","href":"https:\/\/api.w.org\/{rel}","templated":true}]}}