{"id":1298,"date":"2022-04-29T12:04:14","date_gmt":"2022-04-29T10:04:14","guid":{"rendered":"https:\/\/phsg-jahresbericht.ch\/2023\/?page_id=1298"},"modified":"2024-05-06T09:52:02","modified_gmt":"2024-05-06T07:52:02","slug":"organisation","status":"publish","type":"page","link":"https:\/\/phsg-jahresbericht.ch\/2023\/organisation\/","title":{"rendered":"Organisation"},"content":{"rendered":"\t\t<div data-elementor-type=\"wp-page\" data-elementor-id=\"1298\" class=\"elementor elementor-1298\" data-elementor-post-type=\"page\">\n\t\t\t\t<div class=\"elementor-element elementor-element-01a7f14 e-flex e-con-boxed e-con e-parent\" data-id=\"01a7f14\" data-element_type=\"container\" data-settings=\"{&quot;jet_parallax_layout_list&quot;:[]}\">\n\t\t\t\t\t<div class=\"e-con-inner\">\n\t\t<div class=\"elementor-element elementor-element-7e4fbe5 e-con-full e-flex e-con e-child\" data-id=\"7e4fbe5\" data-element_type=\"container\" data-settings=\"{&quot;jet_parallax_layout_list&quot;:[]}\">\n\t\t\t\t<div class=\"elementor-element elementor-element-70f257a elementor-widget elementor-widget-heading\" data-id=\"70f257a\" data-element_type=\"widget\" data-widget_type=\"heading.default\">\n\t\t\t\t<div class=\"elementor-widget-container\">\n\t\t\t\t\t<h2 class=\"elementor-heading-title elementor-size-default\">Organisations&shy;bereiche<\/h2>\t\t\t\t<\/div>\n\t\t\t\t<\/div>\n\t\t\t\t<div class=\"elementor-element elementor-element-23e6651 elementor-widget elementor-widget-heading\" data-id=\"23e6651\" data-element_type=\"widget\" data-widget_type=\"heading.default\">\n\t\t\t\t<div class=\"elementor-widget-container\">\n\t\t\t\t\t<h3 class=\"elementor-heading-title elementor-size-default\">Pr\u00e4gendes Thema hinsichtlich der Organisation war 2023 die Einf\u00fchrung der neuen Organisationsstruktur und des neuen Laufbahnmodells per 1. September.<\/h3>\t\t\t\t<\/div>\n\t\t\t\t<\/div>\n\t\t\t\t<\/div>\n\t\t\t\t\t<\/div>\n\t\t\t\t<\/div>\n\t\t<div class=\"elementor-element elementor-element-b6e205c e-flex e-con-boxed e-con e-parent\" data-id=\"b6e205c\" data-element_type=\"container\" data-settings=\"{&quot;jet_parallax_layout_list&quot;:[]}\">\n\t\t\t\t\t<div class=\"e-con-inner\">\n\t\t<div class=\"elementor-element elementor-element-0c5d7f3 e-con-full e-flex e-con e-child\" data-id=\"0c5d7f3\" data-element_type=\"container\" data-settings=\"{&quot;jet_parallax_layout_list&quot;:[]}\">\n\t\t\t\t<div class=\"elementor-element elementor-element-fec6aa8 elementor-widget elementor-widget-text-editor\" data-id=\"fec6aa8\" data-element_type=\"widget\" data-widget_type=\"text-editor.default\">\n\t\t\t\t<div class=\"elementor-widget-container\">\n\t\t\t\t\t\t\t\t\t<p>Auf den 1. September 2023 hin hat die PHSG im Projekt Weiterentwicklung der F\u00fchrungs- und Organisationsstruktur (WEFO), das massgeblich von der Stabsstelle <span style=\"color: #cca36e;\"><a style=\"color: #cca36e;\" href=\"https:\/\/phsg-jahresbericht.ch\/2023\/organisation\/hochschulentwicklung-und-qualitaetsmanagement\/\" rel=\"noopener\">Hochschulentwicklung und Qualit\u00e4tsmanagement<\/a><\/span> erarbeitet wurde, mit der Einf\u00fchrung der neuen Organisationsstruktur einen Meilenstein erreicht. In der neuen Struktur arbeiten die PHSG-Mitarbeitenden \u00fcber die Studieng\u00e4nge und Leistungsbereiche hinweg in fachlich ausgerichteten Teams zusammen, wodurch der Wissenstransfer zwischen Ausbildung, Weiterbildung, Dienstleistung, Forschung und Praxis sowie die gemeinsame Kultur der PHSG als Organisation gest\u00e4rkt werden.<\/p><p>Mit der neuen Organisationsstruktur ist die PHSG gut aufgestellt, um gesellschaftliche Entwicklungen zu antizipieren, die in immer rascherer Folge auftreten \u2013 ein eindr\u00fcckliches Beispiel ist die wachsende Bedeutung K\u00fcnstlicher Intelligenz. In der B\u00fcndelung der Expertise zu einem Fachthema innerhalb eines Teams liegt diesbez\u00fcglich grosses Potenzial.<\/p>\t\t\t\t\t\t\t\t<\/div>\n\t\t\t\t<\/div>\n\t\t\t\t<div class=\"elementor-element elementor-element-0b85d3f elementor-widget elementor-widget-image\" data-id=\"0b85d3f\" data-element_type=\"widget\" data-widget_type=\"image.default\">\n\t\t\t\t<div class=\"elementor-widget-container\">\n\t\t\t\t\t\t\t\t\t\t\t\t\t\t\t\t<a href=\"https:\/\/phsg-jahresbericht.ch\/2023\/wp-content\/uploads\/phsg-jahresbericht-2023-organisation-organigramm.jpg\" data-elementor-open-lightbox=\"yes\" data-e-action-hash=\"#elementor-action%3Aaction%3Dlightbox%26settings%3DeyJpZCI6NDA0NiwidXJsIjoiaHR0cHM6XC9cL3Boc2ctamFocmVzYmVyaWNodC5jaFwvMjAyM1wvd3AtY29udGVudFwvdXBsb2Fkc1wvc2l0ZXNcLzRcL3Boc2ctamFocmVzYmVyaWNodC0yMDIzLW9yZ2FuaXNhdGlvbi1vcmdhbmlncmFtbS5qcGcifQ%3D%3D\">\n\t\t\t\t\t\t\t<img fetchpriority=\"high\" decoding=\"async\" width=\"1386\" height=\"980\" src=\"https:\/\/phsg-jahresbericht.ch\/2023\/wp-content\/uploads\/sites\/4\/phsg-jahresbericht-2023-organisation-organigramm.jpg\" class=\"attachment-large size-large wp-image-4046\" alt=\"\" srcset=\"https:\/\/phsg-jahresbericht.ch\/2023\/wp-content\/uploads\/sites\/4\/phsg-jahresbericht-2023-organisation-organigramm.jpg 1386w, https:\/\/phsg-jahresbericht.ch\/2023\/wp-content\/uploads\/sites\/4\/phsg-jahresbericht-2023-organisation-organigramm-768x543.jpg 768w\" sizes=\"(max-width: 1386px) 100vw, 1386px\" \/>\t\t\t\t\t\t\t\t<\/a>\n\t\t\t\t\t\t\t\t\t\t\t\t\t\t\t<\/div>\n\t\t\t\t<\/div>\n\t\t\t\t<div class=\"elementor-element elementor-element-18c13dd elementor-widget elementor-widget-text-editor\" data-id=\"18c13dd\" data-element_type=\"widget\" data-widget_type=\"text-editor.default\">\n\t\t\t\t<div class=\"elementor-widget-container\">\n\t\t\t\t\t\t\t\t\t<p>Neben der neuen Organisationsstruktur tragen zwei weitere Bauteile zu einer agileren PHSG bei: Das neue Laufbahnmodell, welches gemeinsam mit der neuen Organisationsstruktur in Kraft getreten ist, sowie die Weiterentwicklung der Studieng\u00e4nge, die 2024 in Angriff genommen wird. So zeigt das neue Laufbahnmodell, welche Karrierewege an der PHSG m\u00f6glich sind und wie diese sowohl in den Leistungsbereichen der Hochschule als auch in der Praxis zu verankern sind. Mit der Weiterentwicklung der Studieng\u00e4nge wird eine Flexibilisierung der Curricula und deren Ausrichtung auf die Herausforderungen der Schule der Zukunft angestrebt.<\/p><p>Mit dem Inkrafttreten von Organisationsstruktur und Laufbahnmodell ist die Reform noch nicht abgeschlossen: Neue Abl\u00e4ufe m\u00fcssen sich einspielen, F\u00fchrungspersonen m\u00fcssen sich in ihre neuen Rollen einfinden. Bis alle relevanten Prozesse \u2013 aktuelles Beispiel ist die Pensenplanung \u2013 in der neuen Struktur erprobt sind, dauert es voraussichtlich noch ein bis zwei Jahre. Deswegen ist es unverzichtbar, dass die Mitarbeitenden der PHSG den Prozess weiter mittragen und vorantreiben und dabei helfen, die PHSG weiterzuentwickeln und zu optimieren.<\/p>\t\t\t\t\t\t\t\t<\/div>\n\t\t\t\t<\/div>\n\t\t\t\t<\/div>\n\t\t\t\t\t<\/div>\n\t\t\t\t<\/div>\n\t\t<div class=\"elementor-element elementor-element-3b70a25 e-flex e-con-boxed e-con e-parent\" data-id=\"3b70a25\" data-element_type=\"container\" data-settings=\"{&quot;jet_parallax_layout_list&quot;:[]}\">\n\t\t\t\t\t<div class=\"e-con-inner\">\n\t\t<div class=\"elementor-element elementor-element-692eb69 e-con-full e-flex e-con e-child\" data-id=\"692eb69\" data-element_type=\"container\" data-settings=\"{&quot;jet_parallax_layout_list&quot;:[]}\">\n\t\t\t\t<div class=\"elementor-element elementor-element-49d4ea3 elementor-align-left elementor-tablet-align-left elementor-widget elementor-widget-button\" data-id=\"49d4ea3\" data-element_type=\"widget\" id=\"button-gross\" data-widget_type=\"button.default\">\n\t\t\t\t<div class=\"elementor-widget-container\">\n\t\t\t\t\t\t\t\t\t<div class=\"elementor-button-wrapper\">\n\t\t\t\t\t<a class=\"elementor-button elementor-button-link elementor-size-xl elementor-animation-grow\" href=\"https:\/\/phsg-jahresbericht.ch\/2023\/organisation\/campus\/\">\n\t\t\t\t\t\t<span class=\"elementor-button-content-wrapper\">\n\t\t\t\t\t\t<span class=\"elementor-button-icon\">\n\t\t\t\t<svg xmlns=\"http:\/\/www.w3.org\/2000\/svg\" width=\"44\" height=\"44\" viewBox=\"0 0 44 44\"><defs><style>.a{fill:#fff;fill-rule:evenodd;}<\/style><\/defs><path class=\"a\" d=\"M22,0A22,22,0,1,0,44,22,22,22,0,0,0,22,0ZM36.1,23,25.45,33.6a1.34,1.34,0,0,1-1,.4,1.37,1.37,0,0,1-1.36-1.36,1.35,1.35,0,0,1,.4-1l8.33-8.32h-24a1.36,1.36,0,0,1,0-2.72h24l-8.33-8.32a1.36,1.36,0,0,1,1.92-1.92L36.1,21a1.35,1.35,0,0,1,0,1.92Z\"><\/path><\/svg>\t\t\t<\/span>\n\t\t\t\t\t\t\t\t\t<span class=\"elementor-button-text\">Campus<\/span>\n\t\t\t\t\t<\/span>\n\t\t\t\t\t<\/a>\n\t\t\t\t<\/div>\n\t\t\t\t\t\t\t\t<\/div>\n\t\t\t\t<\/div>\n\t\t\t\t<div class=\"elementor-element elementor-element-cd88cdd elementor-align-left elementor-widget elementor-widget-button\" data-id=\"cd88cdd\" data-element_type=\"widget\" id=\"button-gross\" data-widget_type=\"button.default\">\n\t\t\t\t<div class=\"elementor-widget-container\">\n\t\t\t\t\t\t\t\t\t<div class=\"elementor-button-wrapper\">\n\t\t\t\t\t<a class=\"elementor-button elementor-button-link elementor-size-xl elementor-animation-grow\" href=\"https:\/\/phsg-jahresbericht.ch\/2023\/organisation\/hochschulentwicklung-und-qualitaetsmanagement\/\">\n\t\t\t\t\t\t<span class=\"elementor-button-content-wrapper\">\n\t\t\t\t\t\t<span class=\"elementor-button-icon\">\n\t\t\t\t<svg xmlns=\"http:\/\/www.w3.org\/2000\/svg\" width=\"44\" height=\"44\" viewBox=\"0 0 44 44\"><defs><style>.a{fill:#fff;fill-rule:evenodd;}<\/style><\/defs><path class=\"a\" d=\"M22,0A22,22,0,1,0,44,22,22,22,0,0,0,22,0ZM36.1,23,25.45,33.6a1.34,1.34,0,0,1-1,.4,1.37,1.37,0,0,1-1.36-1.36,1.35,1.35,0,0,1,.4-1l8.33-8.32h-24a1.36,1.36,0,0,1,0-2.72h24l-8.33-8.32a1.36,1.36,0,0,1,1.92-1.92L36.1,21a1.35,1.35,0,0,1,0,1.92Z\"><\/path><\/svg>\t\t\t<\/span>\n\t\t\t\t\t\t\t\t\t<span class=\"elementor-button-text\">Hochschul&shy;entwicklung und Qualit\u00e4ts&shy;management<\/span>\n\t\t\t\t\t<\/span>\n\t\t\t\t\t<\/a>\n\t\t\t\t<\/div>\n\t\t\t\t\t\t\t\t<\/div>\n\t\t\t\t<\/div>\n\t\t\t\t<div class=\"elementor-element elementor-element-ddeb16b elementor-align-left elementor-tablet-align-left elementor-widget elementor-widget-button\" data-id=\"ddeb16b\" data-element_type=\"widget\" id=\"button-gross\" data-widget_type=\"button.default\">\n\t\t\t\t<div class=\"elementor-widget-container\">\n\t\t\t\t\t\t\t\t\t<div class=\"elementor-button-wrapper\">\n\t\t\t\t\t<a class=\"elementor-button elementor-button-link elementor-size-xl elementor-animation-grow\" href=\"https:\/\/phsg-jahresbericht.ch\/2023\/organisation\/institute\/\">\n\t\t\t\t\t\t<span class=\"elementor-button-content-wrapper\">\n\t\t\t\t\t\t<span class=\"elementor-button-icon\">\n\t\t\t\t<svg xmlns=\"http:\/\/www.w3.org\/2000\/svg\" width=\"44\" height=\"44\" viewBox=\"0 0 44 44\"><defs><style>.a{fill:#fff;fill-rule:evenodd;}<\/style><\/defs><path class=\"a\" d=\"M22,0A22,22,0,1,0,44,22,22,22,0,0,0,22,0ZM36.1,23,25.45,33.6a1.34,1.34,0,0,1-1,.4,1.37,1.37,0,0,1-1.36-1.36,1.35,1.35,0,0,1,.4-1l8.33-8.32h-24a1.36,1.36,0,0,1,0-2.72h24l-8.33-8.32a1.36,1.36,0,0,1,1.92-1.92L36.1,21a1.35,1.35,0,0,1,0,1.92Z\"><\/path><\/svg>\t\t\t<\/span>\n\t\t\t\t\t\t\t\t\t<span class=\"elementor-button-text\">Institute<\/span>\n\t\t\t\t\t<\/span>\n\t\t\t\t\t<\/a>\n\t\t\t\t<\/div>\n\t\t\t\t\t\t\t\t<\/div>\n\t\t\t\t<\/div>\n\t\t\t\t<div class=\"elementor-element elementor-element-05e2182 elementor-align-left elementor-tablet-align-left elementor-widget elementor-widget-button\" data-id=\"05e2182\" data-element_type=\"widget\" id=\"button-gross\" data-widget_type=\"button.default\">\n\t\t\t\t<div class=\"elementor-widget-container\">\n\t\t\t\t\t\t\t\t\t<div class=\"elementor-button-wrapper\">\n\t\t\t\t\t<a class=\"elementor-button elementor-button-link elementor-size-xl elementor-animation-grow\" href=\"https:\/\/phsg-jahresbericht.ch\/2023\/organisation\/zentren\/\">\n\t\t\t\t\t\t<span class=\"elementor-button-content-wrapper\">\n\t\t\t\t\t\t<span class=\"elementor-button-icon\">\n\t\t\t\t<svg xmlns=\"http:\/\/www.w3.org\/2000\/svg\" width=\"44\" height=\"44\" viewBox=\"0 0 44 44\"><defs><style>.a{fill:#fff;fill-rule:evenodd;}<\/style><\/defs><path class=\"a\" d=\"M22,0A22,22,0,1,0,44,22,22,22,0,0,0,22,0ZM36.1,23,25.45,33.6a1.34,1.34,0,0,1-1,.4,1.37,1.37,0,0,1-1.36-1.36,1.35,1.35,0,0,1,.4-1l8.33-8.32h-24a1.36,1.36,0,0,1,0-2.72h24l-8.33-8.32a1.36,1.36,0,0,1,1.92-1.92L36.1,21a1.35,1.35,0,0,1,0,1.92Z\"><\/path><\/svg>\t\t\t<\/span>\n\t\t\t\t\t\t\t\t\t<span class=\"elementor-button-text\">Zentren<\/span>\n\t\t\t\t\t<\/span>\n\t\t\t\t\t<\/a>\n\t\t\t\t<\/div>\n\t\t\t\t\t\t\t\t<\/div>\n\t\t\t\t<\/div>\n\t\t\t\t<\/div>\n\t\t\t\t\t<\/div>\n\t\t\t\t<\/div>\n\t\t<div class=\"elementor-element elementor-element-a316fef e-flex e-con-boxed e-con e-parent\" data-id=\"a316fef\" data-element_type=\"container\" data-settings=\"{&quot;jet_parallax_layout_list&quot;:[]}\">\n\t\t\t\t\t<div class=\"e-con-inner\">\n\t\t<div class=\"elementor-element elementor-element-edfc1e9 e-con-full e-flex e-con e-child\" data-id=\"edfc1e9\" data-element_type=\"container\" data-settings=\"{&quot;jet_parallax_layout_list&quot;:[]}\">\n\t\t\t\t<div class=\"elementor-element elementor-element-4fd9f80 elementor-widget elementor-widget-template\" data-id=\"4fd9f80\" data-element_type=\"widget\" data-widget_type=\"template.default\">\n\t\t\t\t<div class=\"elementor-widget-container\">\n\t\t\t\t\t\t\t<div class=\"elementor-template\">\n\t\t\t\t\t<div data-elementor-type=\"section\" data-elementor-id=\"725\" class=\"elementor elementor-725\" data-elementor-post-type=\"elementor_library\">\n\t\t\t<div class=\"elementor-element elementor-element-33977ce e-flex e-con-boxed e-con e-parent\" data-id=\"33977ce\" data-element_type=\"container\" data-settings=\"{&quot;jet_parallax_layout_list&quot;:[]}\">\n\t\t\t\t\t<div class=\"e-con-inner\">\n\t\t<div class=\"elementor-element elementor-element-d3657bc e-con-full e-flex e-con e-child\" data-id=\"d3657bc\" data-element_type=\"container\" data-settings=\"{&quot;jet_parallax_layout_list&quot;:[]}\">\n\t\t\t\t<div class=\"elementor-element elementor-element-c093f84 elementor-widget elementor-widget-spacer\" data-id=\"c093f84\" data-element_type=\"widget\" data-widget_type=\"spacer.default\">\n\t\t\t\t<div class=\"elementor-widget-container\">\n\t\t\t\t\t\t\t<div class=\"elementor-spacer\">\n\t\t\t<div class=\"elementor-spacer-inner\"><\/div>\n\t\t<\/div>\n\t\t\t\t\t\t<\/div>\n\t\t\t\t<\/div>\n\t\t\t\t<div class=\"elementor-element elementor-element-98c0e91 elementor-widget elementor-widget-heading\" data-id=\"98c0e91\" data-element_type=\"widget\" data-widget_type=\"heading.default\">\n\t\t\t\t<div class=\"elementor-widget-container\">\n\t\t\t\t\t<h3 class=\"elementor-heading-title elementor-size-default\">Weitere Themen, die Sie interessieren k\u00f6nnten<\/h3>\t\t\t\t<\/div>\n\t\t\t\t<\/div>\n\t\t\t\t<div class=\"elementor-element elementor-element-7b74da4 elementor-hidden-tablet elementor-widget elementor-widget-raven-posts\" data-id=\"7b74da4\" data-element_type=\"widget\" data-settings=\"{&quot;classic_columns&quot;:&quot;4&quot;,&quot;query_posts_per_page&quot;:4,&quot;_skin&quot;:&quot;classic&quot;,&quot;classic_layout&quot;:&quot;grid&quot;,&quot;classic_columns_tablet&quot;:&quot;2&quot;,&quot;classic_columns_mobile&quot;:&quot;1&quot;,&quot;query_offset&quot;:0}\" data-widget_type=\"raven-posts.classic\">\n\t\t\t\t<div class=\"elementor-widget-container\">\n\t\t\t\t\t\t\t<div class=\"raven-posts raven-grid raven-grid-4 raven-grid-mobile-1 raven-grid-tablet-2\" data-post-id=\"725\" data-archive-query=\"\" data-lang=\"\">\n\t\t\t\t<div class=\"raven-grid-item raven-post-item post-302 page type-page status-publish has-post-thumbnail hentry\">\n\t\t\t<div class=\"raven-post elementor-animation-grow\">\n\t\t\t\t\t\t<div class=\"raven-post-image-wrap\">\n\t\t\t<a class=\"raven-post-image raven-image-fit\" href=\"https:\/\/phsg-jahresbericht.ch\/2023\/geschaeftsjahr-2023\/editorial\/\"><img decoding=\"async\" width=\"1200\" height=\"630\" src=\"https:\/\/phsg-jahresbericht.ch\/2023\/wp-content\/uploads\/sites\/4\/Editorial-PHSG-Jahresbericht.jpg\" class=\"attachment-large size-large wp-image-1025\" alt=\"\" srcset=\"https:\/\/phsg-jahresbericht.ch\/2023\/wp-content\/uploads\/sites\/4\/Editorial-PHSG-Jahresbericht.jpg 1200w, https:\/\/phsg-jahresbericht.ch\/2023\/wp-content\/uploads\/sites\/4\/Editorial-PHSG-Jahresbericht-768x403.jpg 768w\" sizes=\"(max-width: 1200px) 100vw, 1200px\" \/> <span class=\"raven-post-image-overlay\"><\/span><\/a>\t\t<\/div>\n\t\t\t\t\t\t<div class=\"raven-post-content\">\n\t\t\t\t\t<h3 class=\"raven-post-title\"><a class=\"raven-post-title-link\" href=\"https:\/\/phsg-jahresbericht.ch\/2023\/geschaeftsjahr-2023\/editorial\/\">Editorial<\/a><\/h3>\t\t\t\t<\/div>\n\t\t\t<\/div>\n\t\t<\/div>\n\t\t\t\t<div class=\"raven-grid-item raven-post-item post-891 page type-page status-publish has-post-thumbnail hentry\">\n\t\t\t<div class=\"raven-post elementor-animation-grow\">\n\t\t\t\t\t\t<div class=\"raven-post-image-wrap\">\n\t\t\t<a class=\"raven-post-image raven-image-fit\" href=\"https:\/\/phsg-jahresbericht.ch\/2023\/organisation\/hochschulentwicklung-und-qualitaetsmanagement\/\"><img decoding=\"async\" width=\"1200\" height=\"630\" src=\"https:\/\/phsg-jahresbericht.ch\/2023\/wp-content\/uploads\/sites\/4\/Hochschulentw-QM-PHSG-Jahresbericht.jpg\" class=\"attachment-large size-large wp-image-2006\" alt=\"\" srcset=\"https:\/\/phsg-jahresbericht.ch\/2023\/wp-content\/uploads\/sites\/4\/Hochschulentw-QM-PHSG-Jahresbericht.jpg 1200w, https:\/\/phsg-jahresbericht.ch\/2023\/wp-content\/uploads\/sites\/4\/Hochschulentw-QM-PHSG-Jahresbericht-768x403.jpg 768w\" sizes=\"(max-width: 1200px) 100vw, 1200px\" \/> <span class=\"raven-post-image-overlay\"><\/span><\/a>\t\t<\/div>\n\t\t\t\t\t\t<div class=\"raven-post-content\">\n\t\t\t\t\t<h3 class=\"raven-post-title\"><a class=\"raven-post-title-link\" href=\"https:\/\/phsg-jahresbericht.ch\/2023\/organisation\/hochschulentwicklung-und-qualitaetsmanagement\/\">Hochschulentwicklung und Qualit\u00e4tsmanagement<\/a><\/h3>\t\t\t\t<\/div>\n\t\t\t<\/div>\n\t\t<\/div>\n\t\t\t\t<div class=\"raven-grid-item raven-post-item post-1356 page type-page status-publish has-post-thumbnail hentry\">\n\t\t\t<div class=\"raven-post elementor-animation-grow\">\n\t\t\t\t\t\t<div class=\"raven-post-image-wrap\">\n\t\t\t<a class=\"raven-post-image raven-image-fit\" href=\"https:\/\/phsg-jahresbericht.ch\/2023\/ueber-uns\/\"><img loading=\"lazy\" decoding=\"async\" width=\"1200\" height=\"811\" src=\"https:\/\/phsg-jahresbericht.ch\/2023\/wp-content\/uploads\/sites\/4\/phsg-jahresbericht-2022-ueber-uns-beitragsbild.jpg\" class=\"attachment-large size-large wp-image-3538\" alt=\"\" srcset=\"https:\/\/phsg-jahresbericht.ch\/2023\/wp-content\/uploads\/sites\/4\/phsg-jahresbericht-2022-ueber-uns-beitragsbild.jpg 1200w, https:\/\/phsg-jahresbericht.ch\/2023\/wp-content\/uploads\/sites\/4\/phsg-jahresbericht-2022-ueber-uns-beitragsbild-768x519.jpg 768w\" sizes=\"(max-width: 1200px) 100vw, 1200px\" \/> <span class=\"raven-post-image-overlay\"><\/span><\/a>\t\t<\/div>\n\t\t\t\t\t\t<div class=\"raven-post-content\">\n\t\t\t\t\t<h3 class=\"raven-post-title\"><a class=\"raven-post-title-link\" href=\"https:\/\/phsg-jahresbericht.ch\/2023\/ueber-uns\/\">\u00dcber uns<\/a><\/h3>\t\t\t\t<\/div>\n\t\t\t<\/div>\n\t\t<\/div>\n\t\t\t\t<div class=\"raven-grid-item raven-post-item post-597 page type-page status-publish has-post-thumbnail hentry\">\n\t\t\t<div class=\"raven-post elementor-animation-grow\">\n\t\t\t\t\t\t<div class=\"raven-post-image-wrap\">\n\t\t\t<a class=\"raven-post-image raven-image-fit\" href=\"https:\/\/phsg-jahresbericht.ch\/2023\/leistungsbereiche\/forschung-entwicklung\/\"><img loading=\"lazy\" decoding=\"async\" width=\"2560\" height=\"1116\" src=\"https:\/\/phsg-jahresbericht.ch\/2023\/wp-content\/uploads\/sites\/4\/phsg-jahresbericht-2023-forschung-entwicklung-headerbild.jpg\" class=\"attachment-large size-large wp-image-3926\" alt=\"\" srcset=\"https:\/\/phsg-jahresbericht.ch\/2023\/wp-content\/uploads\/sites\/4\/phsg-jahresbericht-2023-forschung-entwicklung-headerbild.jpg 2560w, https:\/\/phsg-jahresbericht.ch\/2023\/wp-content\/uploads\/sites\/4\/phsg-jahresbericht-2023-forschung-entwicklung-headerbild-768x335.jpg 768w, https:\/\/phsg-jahresbericht.ch\/2023\/wp-content\/uploads\/sites\/4\/phsg-jahresbericht-2023-forschung-entwicklung-headerbild-1536x670.jpg 1536w, https:\/\/phsg-jahresbericht.ch\/2023\/wp-content\/uploads\/sites\/4\/phsg-jahresbericht-2023-forschung-entwicklung-headerbild-2048x893.jpg 2048w\" sizes=\"(max-width: 2560px) 100vw, 2560px\" \/> <span class=\"raven-post-image-overlay\"><\/span><\/a>\t\t<\/div>\n\t\t\t\t\t\t<div class=\"raven-post-content\">\n\t\t\t\t\t<h3 class=\"raven-post-title\"><a class=\"raven-post-title-link\" href=\"https:\/\/phsg-jahresbericht.ch\/2023\/leistungsbereiche\/forschung-entwicklung\/\">Forschung &amp; Entwicklung<\/a><\/h3>\t\t\t\t<\/div>\n\t\t\t<\/div>\n\t\t<\/div>\n\t\t\t\t<\/div>\n\t\t\t\t\t\t<\/div>\n\t\t\t\t<\/div>\n\t\t\t\t<div class=\"elementor-element elementor-element-bfba9f4 elementor-hidden-desktop elementor-hidden-mobile elementor-widget elementor-widget-raven-posts\" data-id=\"bfba9f4\" data-element_type=\"widget\" data-settings=\"{&quot;classic_columns&quot;:&quot;4&quot;,&quot;query_posts_per_page&quot;:3,&quot;classic_columns_tablet&quot;:&quot;3&quot;,&quot;_skin&quot;:&quot;classic&quot;,&quot;classic_layout&quot;:&quot;grid&quot;,&quot;classic_columns_mobile&quot;:&quot;1&quot;,&quot;query_offset&quot;:0}\" data-widget_type=\"raven-posts.classic\">\n\t\t\t\t<div class=\"elementor-widget-container\">\n\t\t\t\t\t\t\t<div class=\"raven-posts raven-grid raven-grid-4 raven-grid-mobile-1 raven-grid-tablet-3\" data-post-id=\"725\" data-archive-query=\"\" data-lang=\"\">\n\t\t\t\t<div class=\"raven-grid-item raven-post-item post-1310 page type-page status-publish has-post-thumbnail hentry\">\n\t\t\t<div class=\"raven-post elementor-animation-grow\">\n\t\t\t\t\t\t<div class=\"raven-post-image-wrap\">\n\t\t\t<a class=\"raven-post-image raven-image-fit\" href=\"https:\/\/phsg-jahresbericht.ch\/2023\/zahlen-fakten\/\"><img loading=\"lazy\" decoding=\"async\" width=\"1200\" height=\"630\" src=\"https:\/\/phsg-jahresbericht.ch\/2023\/wp-content\/uploads\/sites\/4\/Zahlen-und-Fakten-PHSG-Jahresbericht.jpg\" class=\"attachment-large size-large wp-image-2019\" alt=\"\" srcset=\"https:\/\/phsg-jahresbericht.ch\/2023\/wp-content\/uploads\/sites\/4\/Zahlen-und-Fakten-PHSG-Jahresbericht.jpg 1200w, https:\/\/phsg-jahresbericht.ch\/2023\/wp-content\/uploads\/sites\/4\/Zahlen-und-Fakten-PHSG-Jahresbericht-768x403.jpg 768w\" sizes=\"(max-width: 1200px) 100vw, 1200px\" \/> <span class=\"raven-post-image-overlay\"><\/span><\/a>\t\t<\/div>\n\t\t\t\t\t\t<div class=\"raven-post-content\">\n\t\t\t\t\t<h3 class=\"raven-post-title\"><a class=\"raven-post-title-link\" href=\"https:\/\/phsg-jahresbericht.ch\/2023\/zahlen-fakten\/\">Zahlen &#038; Fakten<\/a><\/h3>\t\t\t\t<\/div>\n\t\t\t<\/div>\n\t\t<\/div>\n\t\t\t\t<div class=\"raven-grid-item raven-post-item post-3793 page type-page status-publish has-post-thumbnail hentry\">\n\t\t\t<div class=\"raven-post elementor-animation-grow\">\n\t\t\t\t\t\t<div class=\"raven-post-image-wrap\">\n\t\t\t<a class=\"raven-post-image raven-image-fit\" href=\"https:\/\/phsg-jahresbericht.ch\/2023\/geschaeftsjahr-2023\/chronik\/\"><img loading=\"lazy\" decoding=\"async\" width=\"1200\" height=\"830\" src=\"https:\/\/phsg-jahresbericht.ch\/2023\/wp-content\/uploads\/sites\/4\/phsg-jahresbericht-2022-chronik-beitragsbild.jpg\" class=\"attachment-large size-large wp-image-3635\" alt=\"\" srcset=\"https:\/\/phsg-jahresbericht.ch\/2023\/wp-content\/uploads\/sites\/4\/phsg-jahresbericht-2022-chronik-beitragsbild.jpg 1200w, https:\/\/phsg-jahresbericht.ch\/2023\/wp-content\/uploads\/sites\/4\/phsg-jahresbericht-2022-chronik-beitragsbild-768x531.jpg 768w\" sizes=\"(max-width: 1200px) 100vw, 1200px\" \/> <span class=\"raven-post-image-overlay\"><\/span><\/a>\t\t<\/div>\n\t\t\t\t\t\t<div class=\"raven-post-content\">\n\t\t\t\t\t<h3 class=\"raven-post-title\"><a class=\"raven-post-title-link\" href=\"https:\/\/phsg-jahresbericht.ch\/2023\/geschaeftsjahr-2023\/chronik\/\">Chronik<\/a><\/h3>\t\t\t\t<\/div>\n\t\t\t<\/div>\n\t\t<\/div>\n\t\t\t\t<div class=\"raven-grid-item raven-post-item post-1154 page type-page status-publish has-post-thumbnail hentry\">\n\t\t\t<div class=\"raven-post elementor-animation-grow\">\n\t\t\t\t\t\t<div class=\"raven-post-image-wrap\">\n\t\t\t<a class=\"raven-post-image raven-image-fit\" href=\"https:\/\/phsg-jahresbericht.ch\/2023\/zahlen-fakten\/finanzzahlen\/\"><img loading=\"lazy\" decoding=\"async\" width=\"1200\" height=\"630\" src=\"https:\/\/phsg-jahresbericht.ch\/2023\/wp-content\/uploads\/sites\/4\/Finanzzahlen-PHSG-Jahresbericht.jpg\" class=\"attachment-large size-large wp-image-2005\" alt=\"\" srcset=\"https:\/\/phsg-jahresbericht.ch\/2023\/wp-content\/uploads\/sites\/4\/Finanzzahlen-PHSG-Jahresbericht.jpg 1200w, https:\/\/phsg-jahresbericht.ch\/2023\/wp-content\/uploads\/sites\/4\/Finanzzahlen-PHSG-Jahresbericht-768x403.jpg 768w\" sizes=\"(max-width: 1200px) 100vw, 1200px\" \/> <span class=\"raven-post-image-overlay\"><\/span><\/a>\t\t<\/div>\n\t\t\t\t\t\t<div class=\"raven-post-content\">\n\t\t\t\t\t<h3 class=\"raven-post-title\"><a class=\"raven-post-title-link\" href=\"https:\/\/phsg-jahresbericht.ch\/2023\/zahlen-fakten\/finanzzahlen\/\">Finanzzahlen<\/a><\/h3>\t\t\t\t<\/div>\n\t\t\t<\/div>\n\t\t<\/div>\n\t\t\t\t<\/div>\n\t\t\t\t\t\t<\/div>\n\t\t\t\t<\/div>\n\t\t\t\t<\/div>\n\t\t\t\t\t<\/div>\n\t\t\t\t<\/div>\n\t\t\t\t<\/div>\n\t\t\t\t<\/div>\n\t\t\t\t\t\t<\/div>\n\t\t\t\t<\/div>\n\t\t\t\t<\/div>\n\t\t\t\t\t<\/div>\n\t\t\t\t<\/div>\n\t\t\t\t<\/div>\n\t\t","protected":false},"excerpt":{"rendered":"<p>Organisations&shy;bereiche Pr\u00e4gendes Thema hinsichtlich der Organisation war 2023 die Einf\u00fchrung der neuen Organisationsstruktur und des neuen Laufbahnmodells per 1. September. Auf den 1. September 2023 hin hat die PHSG im Projekt Weiterentwicklung der F\u00fchrungs- und Organisationsstruktur (WEFO), das massgeblich von der Stabsstelle Hochschulentwicklung und Qualit\u00e4tsmanagement erarbeitet wurde, mit der Einf\u00fchrung der neuen Organisationsstruktur einen Meilenstein [&hellip;]<\/p>\n","protected":false},"author":1,"featured_media":2008,"parent":0,"menu_order":0,"comment_status":"closed","ping_status":"closed","template":"elementor_header_footer","meta":{"_acf_changed":false,"footnotes":""},"class_list":["post-1298","page","type-page","status-publish","has-post-thumbnail","hentry"],"acf":[],"_links":{"self":[{"href":"https:\/\/phsg-jahresbericht.ch\/2023\/wp-json\/wp\/v2\/pages\/1298","targetHints":{"allow":["GET"]}}],"collection":[{"href":"https:\/\/phsg-jahresbericht.ch\/2023\/wp-json\/wp\/v2\/pages"}],"about":[{"href":"https:\/\/phsg-jahresbericht.ch\/2023\/wp-json\/wp\/v2\/types\/page"}],"author":[{"embeddable":true,"href":"https:\/\/phsg-jahresbericht.ch\/2023\/wp-json\/wp\/v2\/users\/1"}],"replies":[{"embeddable":true,"href":"https:\/\/phsg-jahresbericht.ch\/2023\/wp-json\/wp\/v2\/comments?post=1298"}],"version-history":[{"count":91,"href":"https:\/\/phsg-jahresbericht.ch\/2023\/wp-json\/wp\/v2\/pages\/1298\/revisions"}],"predecessor-version":[{"id":5583,"href":"https:\/\/phsg-jahresbericht.ch\/2023\/wp-json\/wp\/v2\/pages\/1298\/revisions\/5583"}],"wp:featuredmedia":[{"embeddable":true,"href":"https:\/\/phsg-jahresbericht.ch\/2023\/wp-json\/wp\/v2\/media\/2008"}],"wp:attachment":[{"href":"https:\/\/phsg-jahresbericht.ch\/2023\/wp-json\/wp\/v2\/media?parent=1298"}],"curies":[{"name":"wp","href":"https:\/\/api.w.org\/{rel}","templated":true}]}}