{"id":2028,"date":"2022-05-25T09:13:48","date_gmt":"2022-05-25T07:13:48","guid":{"rendered":"https:\/\/phsg-jahresbericht.ch\/2021\/?page_id=2028"},"modified":"2022-06-13T16:45:39","modified_gmt":"2022-06-13T14:45:39","slug":"impressum","status":"publish","type":"page","link":"https:\/\/phsg-jahresbericht.ch\/2021\/impressum\/","title":{"rendered":"Impressum"},"content":{"rendered":"\t\t<div data-elementor-type=\"wp-page\" data-elementor-id=\"2028\" class=\"elementor elementor-2028\" data-elementor-post-type=\"page\">\n\t\t\t\t\t\t<section class=\"elementor-section elementor-top-section elementor-element elementor-element-45a9c11 elementor-section-height-min-height elementor-section-boxed elementor-section-height-default elementor-section-items-middle\" data-id=\"45a9c11\" data-element_type=\"section\" data-settings=\"{&quot;jet_parallax_layout_list&quot;:[]}\">\n\t\t\t\t\t\t<div class=\"elementor-container elementor-column-gap-default\">\n\t\t\t\t\t<div class=\"elementor-column elementor-col-100 elementor-top-column elementor-element elementor-element-9e6c6b6\" data-id=\"9e6c6b6\" data-element_type=\"column\">\n\t\t\t<div class=\"elementor-widget-wrap elementor-element-populated\">\n\t\t\t\t\t\t\t<\/div>\n\t\t<\/div>\n\t\t\t\t\t<\/div>\n\t\t<\/section>\n\t\t\t\t<section class=\"elementor-section elementor-top-section elementor-element elementor-element-384523b elementor-section-boxed elementor-section-height-default elementor-section-height-default\" data-id=\"384523b\" data-element_type=\"section\" data-settings=\"{&quot;jet_parallax_layout_list&quot;:[]}\">\n\t\t\t\t\t\t<div class=\"elementor-container elementor-column-gap-default\">\n\t\t\t\t\t<div class=\"elementor-column elementor-col-100 elementor-top-column elementor-element elementor-element-b084b53\" data-id=\"b084b53\" data-element_type=\"column\">\n\t\t\t<div class=\"elementor-widget-wrap elementor-element-populated\">\n\t\t\t\t\t\t<div class=\"elementor-element elementor-element-15fc03e elementor-widget elementor-widget-heading\" data-id=\"15fc03e\" data-element_type=\"widget\" data-widget_type=\"heading.default\">\n\t\t\t\t<div class=\"elementor-widget-container\">\n\t\t\t\t\t<h2 class=\"elementor-heading-title elementor-size-default\">Herausgeberin<\/h2>\t\t\t\t<\/div>\n\t\t\t\t<\/div>\n\t\t\t\t<div class=\"elementor-element elementor-element-bf988df elementor-widget elementor-widget-text-editor\" data-id=\"bf988df\" data-element_type=\"widget\" data-widget_type=\"text-editor.default\">\n\t\t\t\t<div class=\"elementor-widget-container\">\n\t\t\t\t\t\t\t\t\t<p>P\u00e4dagogische Hochschule St.Gallen<br \/>Notkerstrasse 27<br \/>CH-9000 St.Gallen<\/p><p>+41 71 243 94 00<br \/><span style=\"color: #5fac22;\"><a style=\"color: #5fac22;\" href=\"mailto:info@phsg.ch\">info@phsg.ch<\/a><\/span><\/p>\t\t\t\t\t\t\t\t<\/div>\n\t\t\t\t<\/div>\n\t\t\t\t<div class=\"elementor-element elementor-element-3e486d0 elementor-widget elementor-widget-heading\" data-id=\"3e486d0\" data-element_type=\"widget\" data-widget_type=\"heading.default\">\n\t\t\t\t<div class=\"elementor-widget-container\">\n\t\t\t\t\t<h2 class=\"elementor-heading-title elementor-size-default\">Realisierung Website<\/h2>\t\t\t\t<\/div>\n\t\t\t\t<\/div>\n\t\t\t\t<div class=\"elementor-element elementor-element-1366f74 elementor-widget elementor-widget-text-editor\" data-id=\"1366f74\" data-element_type=\"widget\" data-widget_type=\"text-editor.default\">\n\t\t\t\t<div class=\"elementor-widget-container\">\n\t\t\t\t\t\t\t\t\t<p>Konzept, Design, Inhalt, Web-Entwicklung:\u00a0<span style=\"color: #5fac22;\"><a style=\"color: #5fac22;\" href=\"http:\/\/www.rembrand.ch\/\" target=\"_blank\" rel=\"noopener\">www.rembrand.ch<\/a><\/span><br \/>Web-Hosting:\u00a0<span style=\"color: #5fac22;\"><a style=\"color: #5fac22;\" href=\"http:\/\/www.cyon.ch\" target=\"_blank\" rel=\"noopener\">www.cyon.ch<\/a><\/span><\/p>\t\t\t\t\t\t\t\t<\/div>\n\t\t\t\t<\/div>\n\t\t\t\t<div class=\"elementor-element elementor-element-0c46b39 elementor-widget elementor-widget-heading\" data-id=\"0c46b39\" data-element_type=\"widget\" data-widget_type=\"heading.default\">\n\t\t\t\t<div class=\"elementor-widget-container\">\n\t\t\t\t\t<h2 class=\"elementor-heading-title elementor-size-default\">Copyright<\/h2>\t\t\t\t<\/div>\n\t\t\t\t<\/div>\n\t\t\t\t<div class=\"elementor-element elementor-element-6d53c82 elementor-widget elementor-widget-text-editor\" data-id=\"6d53c82\" data-element_type=\"widget\" data-widget_type=\"text-editor.default\">\n\t\t\t\t<div class=\"elementor-widget-container\">\n\t\t\t\t\t\t\t\t\t<p>Inhalt, Informationen und das Material der Website und des Newsletters von P\u00e4dagogische Hochschule St.Gallen, sind urheberrechtlich gesch\u00fctzt. P\u00e4dagogische Hochschule St.Gallen l\u00e4sst die Vervielf\u00e4ltigung des Inhalts, der Informationen und des Materials der Website und des Newsletters nur f\u00fcr den pers\u00f6nlichen, nicht-kommerziellen Gebrauch zu. Im \u00dcbrigen sind die Vervielf\u00e4ltigung, Distribution, \u00c4nderungen und Weitergabe des Inhalts, der Informationen und des Materials auf dieser Website und im Newsletter ohne die Zustimmung von P\u00e4dagogische Hochschule St.Gallen untersagt.<\/p>\t\t\t\t\t\t\t\t<\/div>\n\t\t\t\t<\/div>\n\t\t\t\t<div class=\"elementor-element elementor-element-ed2372f elementor-widget elementor-widget-heading\" data-id=\"ed2372f\" data-element_type=\"widget\" data-widget_type=\"heading.default\">\n\t\t\t\t<div class=\"elementor-widget-container\">\n\t\t\t\t\t<h2 class=\"elementor-heading-title elementor-size-default\">Haftungsausschluss<\/h2>\t\t\t\t<\/div>\n\t\t\t\t<\/div>\n\t\t\t\t<div class=\"elementor-element elementor-element-bbcfe0b elementor-widget elementor-widget-text-editor\" data-id=\"bbcfe0b\" data-element_type=\"widget\" data-widget_type=\"text-editor.default\">\n\t\t\t\t<div class=\"elementor-widget-container\">\n\t\t\t\t\t\t\t\t\t<p>P\u00e4dagogische Hochschule St.Gallen erstellt die Website und den Newsletter und die darin enthaltenen Informationen mit gr\u00f6sstm\u00f6glicher Sorgfalt. Alle Informationen auf der Website und im Newsletter von P\u00e4dagogische Hochschule St.Gallen erfolgen ohne Gew\u00e4hr f\u00fcr ihre Richtigkeit. Wir \u00fcbernehmen keine Haftung f\u00fcr die Verwendung der Website und des Newsletters und der darin enthaltenen Informationen.<\/p><p>P\u00e4dagogische Hochschule St.Gallen \u00fcbernimmt auch keine Haftung f\u00fcr die Inhalte anderer Websites, die Sie \u00fcber Hyperlinks besuchen k\u00f6nnen oder von denen aus auf diese Website hingewiesen wird. Hierbei handelt es sich um fremde Angebote, auf deren inhaltliche Gestaltung wir keinen Einfluss haben, und f\u00fcr die P\u00e4dagogische Hochschule St.Gallen nicht verantwortlich ist.<\/p><p>Die Informationen auf dieser Website und im Newsletter dienen nur zu Informationszwecken. Durch die Verwendung der Informationen entsteht kein Vertragsverh\u00e4ltnis zwischen der P\u00e4dagogische Hochschule St.Gallen und dem Nutzer.<\/p><p>Stand: Juni 2022<\/p>\t\t\t\t\t\t\t\t<\/div>\n\t\t\t\t<\/div>\n\t\t\t\t\t<\/div>\n\t\t<\/div>\n\t\t\t\t\t<\/div>\n\t\t<\/section>\n\t\t\t\t<section class=\"elementor-section elementor-top-section elementor-element elementor-element-d4cb799 elementor-section-boxed elementor-section-height-default elementor-section-height-default\" data-id=\"d4cb799\" data-element_type=\"section\" data-settings=\"{&quot;jet_parallax_layout_list&quot;:[]}\">\n\t\t\t\t\t\t<div class=\"elementor-container elementor-column-gap-default\">\n\t\t\t\t\t<div class=\"elementor-column elementor-col-100 elementor-top-column elementor-element elementor-element-88fd8e4\" data-id=\"88fd8e4\" data-element_type=\"column\">\n\t\t\t<div class=\"elementor-widget-wrap elementor-element-populated\">\n\t\t\t\t\t\t<div class=\"elementor-element elementor-element-1eaf73e elementor-widget elementor-widget-template\" data-id=\"1eaf73e\" data-element_type=\"widget\" data-widget_type=\"template.default\">\n\t\t\t\t<div class=\"elementor-widget-container\">\n\t\t\t\t\t\t\t<div class=\"elementor-template\">\n\t\t\t\t\t<div data-elementor-type=\"section\" data-elementor-id=\"725\" class=\"elementor elementor-725\" data-elementor-post-type=\"elementor_library\">\n\t\t\t\t\t<section class=\"elementor-section elementor-top-section elementor-element elementor-element-e859500 elementor-hidden-tablet elementor-section-boxed elementor-section-height-default elementor-section-height-default\" data-id=\"e859500\" data-element_type=\"section\" data-settings=\"{&quot;jet_parallax_layout_list&quot;:[]}\">\n\t\t\t\t\t\t<div class=\"elementor-container elementor-column-gap-default\">\n\t\t\t\t\t<div class=\"elementor-column elementor-col-100 elementor-top-column elementor-element elementor-element-3b80195\" data-id=\"3b80195\" data-element_type=\"column\">\n\t\t\t<div class=\"elementor-widget-wrap elementor-element-populated\">\n\t\t\t\t\t\t<div class=\"elementor-element elementor-element-2e5f9a6 elementor-widget elementor-widget-spacer\" data-id=\"2e5f9a6\" data-element_type=\"widget\" data-widget_type=\"spacer.default\">\n\t\t\t\t<div class=\"elementor-widget-container\">\n\t\t\t\t\t\t\t<div class=\"elementor-spacer\">\n\t\t\t<div class=\"elementor-spacer-inner\"><\/div>\n\t\t<\/div>\n\t\t\t\t\t\t<\/div>\n\t\t\t\t<\/div>\n\t\t\t\t<div class=\"elementor-element elementor-element-9a8ad9d elementor-widget elementor-widget-heading\" data-id=\"9a8ad9d\" data-element_type=\"widget\" data-widget_type=\"heading.default\">\n\t\t\t\t<div class=\"elementor-widget-container\">\n\t\t\t\t\t<h3 class=\"elementor-heading-title elementor-size-default\">Weitere Themen, die Sie interessieren k\u00f6nnten<\/h3>\t\t\t\t<\/div>\n\t\t\t\t<\/div>\n\t\t\t\t<div class=\"elementor-element elementor-element-d4120cf elementor-hidden-tablet elementor-widget elementor-widget-raven-posts\" data-id=\"d4120cf\" data-element_type=\"widget\" data-settings=\"{&quot;classic_columns&quot;:&quot;4&quot;,&quot;query_posts_per_page&quot;:4,&quot;_skin&quot;:&quot;classic&quot;,&quot;classic_layout&quot;:&quot;grid&quot;,&quot;classic_columns_tablet&quot;:&quot;2&quot;,&quot;classic_columns_mobile&quot;:&quot;1&quot;,&quot;query_offset&quot;:0}\" data-widget_type=\"raven-posts.classic\">\n\t\t\t\t<div class=\"elementor-widget-container\">\n\t\t\t\t\t\t\t<div class=\"raven-posts raven-grid raven-grid-4 raven-grid-mobile-1 raven-grid-tablet-2\" data-post-id=\"725\" data-archive-query=\"\" data-lang=\"\">\n\t\t\t\t<div class=\"raven-grid-item raven-post-item post-597 page type-page status-publish has-post-thumbnail hentry\">\n\t\t\t<div class=\"raven-post elementor-animation-grow\">\n\t\t\t\t\t\t<div class=\"raven-post-image-wrap\">\n\t\t\t<a class=\"raven-post-image raven-image-fit\" href=\"https:\/\/phsg-jahresbericht.ch\/2021\/leistungsbereiche\/forschung-entwicklung\/\"><img fetchpriority=\"high\" decoding=\"async\" width=\"2560\" height=\"1116\" src=\"https:\/\/phsg-jahresbericht.ch\/2021\/wp-content\/uploads\/sites\/2\/Forschung-und-Entwicklung-2021-Headerbild-PHSG-Jahresbericht-scaled.jpg\" class=\"attachment-large size-large wp-image-1624\" alt=\"\" srcset=\"https:\/\/phsg-jahresbericht.ch\/2021\/wp-content\/uploads\/sites\/2\/Forschung-und-Entwicklung-2021-Headerbild-PHSG-Jahresbericht-scaled.jpg 2560w, https:\/\/phsg-jahresbericht.ch\/2021\/wp-content\/uploads\/sites\/2\/Forschung-und-Entwicklung-2021-Headerbild-PHSG-Jahresbericht-768x335.jpg 768w, https:\/\/phsg-jahresbericht.ch\/2021\/wp-content\/uploads\/sites\/2\/Forschung-und-Entwicklung-2021-Headerbild-PHSG-Jahresbericht-1536x670.jpg 1536w, https:\/\/phsg-jahresbericht.ch\/2021\/wp-content\/uploads\/sites\/2\/Forschung-und-Entwicklung-2021-Headerbild-PHSG-Jahresbericht-2048x893.jpg 2048w\" sizes=\"(max-width: 2560px) 100vw, 2560px\" \/> <span class=\"raven-post-image-overlay\"><\/span><\/a>\t\t<\/div>\n\t\t\t\t\t\t<div class=\"raven-post-content\">\n\t\t\t\t\t<h3 class=\"raven-post-title\"><a class=\"raven-post-title-link\" href=\"https:\/\/phsg-jahresbericht.ch\/2021\/leistungsbereiche\/forschung-entwicklung\/\">Forschung &#038; Entwicklung<\/a><\/h3>\t\t\t\t<\/div>\n\t\t\t<\/div>\n\t\t<\/div>\n\t\t\t\t<div class=\"raven-grid-item raven-post-item post-452 page type-page status-publish has-post-thumbnail hentry\">\n\t\t\t<div class=\"raven-post elementor-animation-grow\">\n\t\t\t\t\t\t<div class=\"raven-post-image-wrap\">\n\t\t\t<a class=\"raven-post-image raven-image-fit\" href=\"https:\/\/phsg-jahresbericht.ch\/2021\/leistungsbereiche\/ausbildung\/\"><img decoding=\"async\" width=\"2560\" height=\"1116\" src=\"https:\/\/phsg-jahresbericht.ch\/2021\/wp-content\/uploads\/sites\/2\/Ausbildung-Headerbild-PHSG-Jahresbericht-3-scaled.jpg\" class=\"attachment-large size-large wp-image-1811\" alt=\"\" srcset=\"https:\/\/phsg-jahresbericht.ch\/2021\/wp-content\/uploads\/sites\/2\/Ausbildung-Headerbild-PHSG-Jahresbericht-3-scaled.jpg 2560w, https:\/\/phsg-jahresbericht.ch\/2021\/wp-content\/uploads\/sites\/2\/Ausbildung-Headerbild-PHSG-Jahresbericht-3-768x335.jpg 768w, https:\/\/phsg-jahresbericht.ch\/2021\/wp-content\/uploads\/sites\/2\/Ausbildung-Headerbild-PHSG-Jahresbericht-3-1536x670.jpg 1536w, https:\/\/phsg-jahresbericht.ch\/2021\/wp-content\/uploads\/sites\/2\/Ausbildung-Headerbild-PHSG-Jahresbericht-3-2048x893.jpg 2048w\" sizes=\"(max-width: 2560px) 100vw, 2560px\" \/> <span class=\"raven-post-image-overlay\"><\/span><\/a>\t\t<\/div>\n\t\t\t\t\t\t<div class=\"raven-post-content\">\n\t\t\t\t\t<h3 class=\"raven-post-title\"><a class=\"raven-post-title-link\" href=\"https:\/\/phsg-jahresbericht.ch\/2021\/leistungsbereiche\/ausbildung\/\">Ausbildung<\/a><\/h3>\t\t\t\t<\/div>\n\t\t\t<\/div>\n\t\t<\/div>\n\t\t\t\t<div class=\"raven-grid-item raven-post-item post-891 page type-page status-publish has-post-thumbnail hentry\">\n\t\t\t<div class=\"raven-post elementor-animation-grow\">\n\t\t\t\t\t\t<div class=\"raven-post-image-wrap\">\n\t\t\t<a class=\"raven-post-image raven-image-fit\" href=\"https:\/\/phsg-jahresbericht.ch\/2021\/organisation\/hochschulentwicklung-qualitaetsmanagement\/\"><img decoding=\"async\" width=\"1200\" height=\"630\" src=\"https:\/\/phsg-jahresbericht.ch\/2021\/wp-content\/uploads\/sites\/2\/Hochschulentw-QM-PHSG-Jahresbericht.jpg\" class=\"attachment-large size-large wp-image-2006\" alt=\"\" srcset=\"https:\/\/phsg-jahresbericht.ch\/2021\/wp-content\/uploads\/sites\/2\/Hochschulentw-QM-PHSG-Jahresbericht.jpg 1200w, https:\/\/phsg-jahresbericht.ch\/2021\/wp-content\/uploads\/sites\/2\/Hochschulentw-QM-PHSG-Jahresbericht-768x403.jpg 768w\" sizes=\"(max-width: 1200px) 100vw, 1200px\" \/> <span class=\"raven-post-image-overlay\"><\/span><\/a>\t\t<\/div>\n\t\t\t\t\t\t<div class=\"raven-post-content\">\n\t\t\t\t\t<h3 class=\"raven-post-title\"><a class=\"raven-post-title-link\" href=\"https:\/\/phsg-jahresbericht.ch\/2021\/organisation\/hochschulentwicklung-qualitaetsmanagement\/\">Hochschulentwicklung &#038; Qualit\u00e4tsmanagement<\/a><\/h3>\t\t\t\t<\/div>\n\t\t\t<\/div>\n\t\t<\/div>\n\t\t\t\t<div class=\"raven-grid-item raven-post-item post-636 page type-page status-publish has-post-thumbnail hentry\">\n\t\t\t<div class=\"raven-post elementor-animation-grow\">\n\t\t\t\t\t\t<div class=\"raven-post-image-wrap\">\n\t\t\t<a class=\"raven-post-image raven-image-fit\" href=\"https:\/\/phsg-jahresbericht.ch\/2021\/fokus-2021-digitalisierung\/\"><img loading=\"lazy\" decoding=\"async\" width=\"1200\" height=\"630\" src=\"https:\/\/phsg-jahresbericht.ch\/2021\/wp-content\/uploads\/sites\/2\/Fokus-2021-PHSG-Jahresbericht-1.jpg\" class=\"attachment-large size-large wp-image-1029\" alt=\"\" srcset=\"https:\/\/phsg-jahresbericht.ch\/2021\/wp-content\/uploads\/sites\/2\/Fokus-2021-PHSG-Jahresbericht-1.jpg 1200w, https:\/\/phsg-jahresbericht.ch\/2021\/wp-content\/uploads\/sites\/2\/Fokus-2021-PHSG-Jahresbericht-1-768x403.jpg 768w\" sizes=\"(max-width: 1200px) 100vw, 1200px\" \/> <span class=\"raven-post-image-overlay\"><\/span><\/a>\t\t<\/div>\n\t\t\t\t\t\t<div class=\"raven-post-content\">\n\t\t\t\t\t<h3 class=\"raven-post-title\"><a class=\"raven-post-title-link\" href=\"https:\/\/phsg-jahresbericht.ch\/2021\/fokus-2021-digitalisierung\/\">Schulen digital fit machen<\/a><\/h3>\t\t\t\t<\/div>\n\t\t\t<\/div>\n\t\t<\/div>\n\t\t\t\t<\/div>\n\t\t\t\t\t\t<\/div>\n\t\t\t\t<\/div>\n\t\t\t\t<div class=\"elementor-element elementor-element-cc3fb93 elementor-widget elementor-widget-spacer\" data-id=\"cc3fb93\" data-element_type=\"widget\" data-widget_type=\"spacer.default\">\n\t\t\t\t<div class=\"elementor-widget-container\">\n\t\t\t\t\t\t\t<div class=\"elementor-spacer\">\n\t\t\t<div class=\"elementor-spacer-inner\"><\/div>\n\t\t<\/div>\n\t\t\t\t\t\t<\/div>\n\t\t\t\t<\/div>\n\t\t\t\t\t<\/div>\n\t\t<\/div>\n\t\t\t\t\t<\/div>\n\t\t<\/section>\n\t\t\t\t<section class=\"elementor-section elementor-top-section elementor-element elementor-element-d79f90a elementor-hidden-desktop elementor-hidden-mobile elementor-section-boxed elementor-section-height-default elementor-section-height-default\" data-id=\"d79f90a\" data-element_type=\"section\" data-settings=\"{&quot;jet_parallax_layout_list&quot;:[]}\">\n\t\t\t\t\t\t<div class=\"elementor-container elementor-column-gap-default\">\n\t\t\t\t\t<div class=\"elementor-column elementor-col-100 elementor-top-column elementor-element elementor-element-26d8139\" data-id=\"26d8139\" data-element_type=\"column\">\n\t\t\t<div class=\"elementor-widget-wrap elementor-element-populated\">\n\t\t\t\t\t\t<div class=\"elementor-element elementor-element-ddeddba elementor-widget elementor-widget-spacer\" data-id=\"ddeddba\" data-element_type=\"widget\" data-widget_type=\"spacer.default\">\n\t\t\t\t<div class=\"elementor-widget-container\">\n\t\t\t\t\t\t\t<div class=\"elementor-spacer\">\n\t\t\t<div class=\"elementor-spacer-inner\"><\/div>\n\t\t<\/div>\n\t\t\t\t\t\t<\/div>\n\t\t\t\t<\/div>\n\t\t\t\t<div class=\"elementor-element elementor-element-e9e4ac2 elementor-widget elementor-widget-heading\" data-id=\"e9e4ac2\" data-element_type=\"widget\" data-widget_type=\"heading.default\">\n\t\t\t\t<div class=\"elementor-widget-container\">\n\t\t\t\t\t<h3 class=\"elementor-heading-title elementor-size-default\">Weitere Themen, die Sie interessieren k\u00f6nnten<\/h3>\t\t\t\t<\/div>\n\t\t\t\t<\/div>\n\t\t\t\t<div class=\"elementor-element elementor-element-f755ef8 elementor-widget elementor-widget-raven-posts\" data-id=\"f755ef8\" data-element_type=\"widget\" data-settings=\"{&quot;classic_columns&quot;:&quot;4&quot;,&quot;query_posts_per_page&quot;:3,&quot;classic_columns_tablet&quot;:&quot;3&quot;,&quot;_skin&quot;:&quot;classic&quot;,&quot;classic_layout&quot;:&quot;grid&quot;,&quot;classic_columns_mobile&quot;:&quot;1&quot;,&quot;query_offset&quot;:0}\" data-widget_type=\"raven-posts.classic\">\n\t\t\t\t<div class=\"elementor-widget-container\">\n\t\t\t\t\t\t\t<div class=\"raven-posts raven-grid raven-grid-4 raven-grid-mobile-1 raven-grid-tablet-3\" data-post-id=\"725\" data-archive-query=\"\" data-lang=\"\">\n\t\t\t\t<div class=\"raven-grid-item raven-post-item post-341 page type-page status-publish has-post-thumbnail hentry\">\n\t\t\t<div class=\"raven-post elementor-animation-grow\">\n\t\t\t\t\t\t<div class=\"raven-post-image-wrap\">\n\t\t\t<a class=\"raven-post-image raven-image-fit\" href=\"https:\/\/phsg-jahresbericht.ch\/2021\/chronik-2021\/\"><img loading=\"lazy\" decoding=\"async\" width=\"1200\" height=\"630\" src=\"https:\/\/phsg-jahresbericht.ch\/2021\/wp-content\/uploads\/sites\/2\/Chronik-PHSG-Jahresbericht.jpg\" class=\"attachment-large size-large wp-image-1028\" alt=\"\" srcset=\"https:\/\/phsg-jahresbericht.ch\/2021\/wp-content\/uploads\/sites\/2\/Chronik-PHSG-Jahresbericht.jpg 1200w, https:\/\/phsg-jahresbericht.ch\/2021\/wp-content\/uploads\/sites\/2\/Chronik-PHSG-Jahresbericht-768x403.jpg 768w\" sizes=\"(max-width: 1200px) 100vw, 1200px\" \/> <span class=\"raven-post-image-overlay\"><\/span><\/a>\t\t<\/div>\n\t\t\t\t\t\t<div class=\"raven-post-content\">\n\t\t\t\t\t<h3 class=\"raven-post-title\"><a class=\"raven-post-title-link\" href=\"https:\/\/phsg-jahresbericht.ch\/2021\/chronik-2021\/\">Chronik 2021<\/a><\/h3>\t\t\t\t<\/div>\n\t\t\t<\/div>\n\t\t<\/div>\n\t\t\t\t<div class=\"raven-grid-item raven-post-item post-1114 page type-page status-publish has-post-thumbnail hentry\">\n\t\t\t<div class=\"raven-post elementor-animation-grow\">\n\t\t\t\t\t\t<div class=\"raven-post-image-wrap\">\n\t\t\t<a class=\"raven-post-image raven-image-fit\" href=\"https:\/\/phsg-jahresbericht.ch\/2021\/ueber-uns\/hochschulrat\/\"><img loading=\"lazy\" decoding=\"async\" width=\"1200\" height=\"630\" src=\"https:\/\/phsg-jahresbericht.ch\/2021\/wp-content\/uploads\/sites\/2\/Hochschulrat-PHSG-Jahresbericht-1.jpg\" class=\"attachment-large size-large wp-image-1391\" alt=\"\" srcset=\"https:\/\/phsg-jahresbericht.ch\/2021\/wp-content\/uploads\/sites\/2\/Hochschulrat-PHSG-Jahresbericht-1.jpg 1200w, https:\/\/phsg-jahresbericht.ch\/2021\/wp-content\/uploads\/sites\/2\/Hochschulrat-PHSG-Jahresbericht-1-768x403.jpg 768w\" sizes=\"(max-width: 1200px) 100vw, 1200px\" \/> <span class=\"raven-post-image-overlay\"><\/span><\/a>\t\t<\/div>\n\t\t\t\t\t\t<div class=\"raven-post-content\">\n\t\t\t\t\t<h3 class=\"raven-post-title\"><a class=\"raven-post-title-link\" href=\"https:\/\/phsg-jahresbericht.ch\/2021\/ueber-uns\/hochschulrat\/\">Hochschulrat<\/a><\/h3>\t\t\t\t<\/div>\n\t\t\t<\/div>\n\t\t<\/div>\n\t\t\t\t<div class=\"raven-grid-item raven-post-item post-768 page type-page status-publish has-post-thumbnail hentry\">\n\t\t\t<div class=\"raven-post elementor-animation-grow\">\n\t\t\t\t\t\t<div class=\"raven-post-image-wrap\">\n\t\t\t<a class=\"raven-post-image raven-image-fit\" href=\"https:\/\/phsg-jahresbericht.ch\/2021\/zahlen-fakten\/personalbestand\/\"><img loading=\"lazy\" decoding=\"async\" width=\"1200\" height=\"630\" src=\"https:\/\/phsg-jahresbericht.ch\/2021\/wp-content\/uploads\/sites\/2\/Personalbestand-PHSG-Jahresbericht.jpg\" class=\"attachment-large size-large wp-image-2009\" alt=\"\" srcset=\"https:\/\/phsg-jahresbericht.ch\/2021\/wp-content\/uploads\/sites\/2\/Personalbestand-PHSG-Jahresbericht.jpg 1200w, https:\/\/phsg-jahresbericht.ch\/2021\/wp-content\/uploads\/sites\/2\/Personalbestand-PHSG-Jahresbericht-768x403.jpg 768w\" sizes=\"(max-width: 1200px) 100vw, 1200px\" \/> <span class=\"raven-post-image-overlay\"><\/span><\/a>\t\t<\/div>\n\t\t\t\t\t\t<div class=\"raven-post-content\">\n\t\t\t\t\t<h3 class=\"raven-post-title\"><a class=\"raven-post-title-link\" href=\"https:\/\/phsg-jahresbericht.ch\/2021\/zahlen-fakten\/personalbestand\/\">Personalbestand<\/a><\/h3>\t\t\t\t<\/div>\n\t\t\t<\/div>\n\t\t<\/div>\n\t\t\t\t<\/div>\n\t\t\t\t\t\t<\/div>\n\t\t\t\t<\/div>\n\t\t\t\t<div class=\"elementor-element elementor-element-8fd49b2 elementor-widget elementor-widget-spacer\" data-id=\"8fd49b2\" data-element_type=\"widget\" data-widget_type=\"spacer.default\">\n\t\t\t\t<div class=\"elementor-widget-container\">\n\t\t\t\t\t\t\t<div class=\"elementor-spacer\">\n\t\t\t<div class=\"elementor-spacer-inner\"><\/div>\n\t\t<\/div>\n\t\t\t\t\t\t<\/div>\n\t\t\t\t<\/div>\n\t\t\t\t\t<\/div>\n\t\t<\/div>\n\t\t\t\t\t<\/div>\n\t\t<\/section>\n\t\t\t\t<\/div>\n\t\t\t\t<\/div>\n\t\t\t\t\t\t<\/div>\n\t\t\t\t<\/div>\n\t\t\t\t\t<\/div>\n\t\t<\/div>\n\t\t\t\t\t<\/div>\n\t\t<\/section>\n\t\t\t\t<\/div>\n\t\t","protected":false},"excerpt":{"rendered":"<p>Herausgeberin P\u00e4dagogische Hochschule St.GallenNotkerstrasse 27CH-9000 St.Gallen +41 71 243 94 00info@phsg.ch Realisierung Website Konzept, Design, Inhalt, Web-Entwicklung:\u00a0www.rembrand.chWeb-Hosting:\u00a0www.cyon.ch Copyright Inhalt, Informationen und das Material der Website und des Newsletters von P\u00e4dagogische Hochschule St.Gallen, sind urheberrechtlich gesch\u00fctzt. P\u00e4dagogische Hochschule St.Gallen l\u00e4sst die Vervielf\u00e4ltigung des Inhalts, der Informationen und des Materials der Website und des Newsletters nur f\u00fcr [&hellip;]<\/p>\n","protected":false},"author":1,"featured_media":118,"parent":0,"menu_order":0,"comment_status":"closed","ping_status":"closed","template":"elementor_header_footer","meta":{"_acf_changed":false,"footnotes":""},"class_list":["post-2028","page","type-page","status-publish","has-post-thumbnail","hentry"],"acf":[],"_links":{"self":[{"href":"https:\/\/phsg-jahresbericht.ch\/2021\/wp-json\/wp\/v2\/pages\/2028","targetHints":{"allow":["GET"]}}],"collection":[{"href":"https:\/\/phsg-jahresbericht.ch\/2021\/wp-json\/wp\/v2\/pages"}],"about":[{"href":"https:\/\/phsg-jahresbericht.ch\/2021\/wp-json\/wp\/v2\/types\/page"}],"author":[{"embeddable":true,"href":"https:\/\/phsg-jahresbericht.ch\/2021\/wp-json\/wp\/v2\/users\/1"}],"replies":[{"embeddable":true,"href":"https:\/\/phsg-jahresbericht.ch\/2021\/wp-json\/wp\/v2\/comments?post=2028"}],"version-history":[{"count":17,"href":"https:\/\/phsg-jahresbericht.ch\/2021\/wp-json\/wp\/v2\/pages\/2028\/revisions"}],"predecessor-version":[{"id":2594,"href":"https:\/\/phsg-jahresbericht.ch\/2021\/wp-json\/wp\/v2\/pages\/2028\/revisions\/2594"}],"wp:featuredmedia":[{"embeddable":true,"href":"https:\/\/phsg-jahresbericht.ch\/2021\/wp-json\/wp\/v2\/media\/118"}],"wp:attachment":[{"href":"https:\/\/phsg-jahresbericht.ch\/2021\/wp-json\/wp\/v2\/media?parent=2028"}],"curies":[{"name":"wp","href":"https:\/\/api.w.org\/{rel}","templated":true}]}}