{"id":1114,"date":"2022-04-27T15:49:30","date_gmt":"2022-04-27T13:49:30","guid":{"rendered":"https:\/\/phsg-jahresbericht.ch\/2021\/?page_id=1114"},"modified":"2023-02-02T13:06:57","modified_gmt":"2023-02-02T12:06:57","slug":"hochschulrat","status":"publish","type":"page","link":"https:\/\/phsg-jahresbericht.ch\/2021\/ueber-uns\/hochschulrat\/","title":{"rendered":"Hochschulrat"},"content":{"rendered":"\t\t<div data-elementor-type=\"wp-page\" data-elementor-id=\"1114\" class=\"elementor elementor-1114\" data-elementor-post-type=\"page\">\n\t\t\t\t\t\t<section class=\"elementor-section elementor-top-section elementor-element elementor-element-45a9c11 elementor-section-height-min-height elementor-section-boxed elementor-section-height-default elementor-section-items-middle\" data-id=\"45a9c11\" data-element_type=\"section\" data-settings=\"{&quot;jet_parallax_layout_list&quot;:[]}\">\n\t\t\t\t\t\t<div class=\"elementor-container elementor-column-gap-default\">\n\t\t\t\t\t<div class=\"elementor-column elementor-col-100 elementor-top-column elementor-element elementor-element-9e6c6b6\" data-id=\"9e6c6b6\" data-element_type=\"column\">\n\t\t\t<div class=\"elementor-widget-wrap elementor-element-populated\">\n\t\t\t\t\t\t<div class=\"elementor-element elementor-element-719deeb elementor-widget elementor-widget-heading\" data-id=\"719deeb\" data-element_type=\"widget\" id=\"subtitle-underline\" data-widget_type=\"heading.default\">\n\t\t\t\t<div class=\"elementor-widget-container\">\n\t\t\t\t\t<h3 class=\"elementor-heading-title elementor-size-default\">\u00dcber uns<\/h3>\t\t\t\t<\/div>\n\t\t\t\t<\/div>\n\t\t\t\t<div class=\"elementor-element elementor-element-e780e84 elementor-widget elementor-widget-heading\" data-id=\"e780e84\" data-element_type=\"widget\" data-widget_type=\"heading.default\">\n\t\t\t\t<div class=\"elementor-widget-container\">\n\t\t\t\t\t<h3 class=\"elementor-heading-title elementor-size-default\">Der Hochschulrat besteht aus sieben Mitgliedern. Der Pr\u00e4sident des Hochschulrates ist der Vorsteher des Bildungsdepartementes, Regierungsrat Stefan K\u00f6lliker.<\/h3>\t\t\t\t<\/div>\n\t\t\t\t<\/div>\n\t\t\t\t\t<\/div>\n\t\t<\/div>\n\t\t\t\t\t<\/div>\n\t\t<\/section>\n\t\t\t\t<section class=\"elementor-section elementor-top-section elementor-element elementor-element-9b3e798 elementor-section-boxed elementor-section-height-default elementor-section-height-default\" data-id=\"9b3e798\" data-element_type=\"section\" data-settings=\"{&quot;jet_parallax_layout_list&quot;:[]}\">\n\t\t\t\t\t\t<div class=\"elementor-container elementor-column-gap-default\">\n\t\t\t\t\t<div class=\"elementor-column elementor-col-100 elementor-top-column elementor-element elementor-element-4ec40ac\" data-id=\"4ec40ac\" data-element_type=\"column\">\n\t\t\t<div class=\"elementor-widget-wrap elementor-element-populated\">\n\t\t\t\t\t\t<div class=\"elementor-element elementor-element-476d618 elementor-widget elementor-widget-image\" data-id=\"476d618\" data-element_type=\"widget\" data-widget_type=\"image.default\">\n\t\t\t\t<div class=\"elementor-widget-container\">\n\t\t\t\t\t\t\t\t\t\t\t\t\t\t\t<img fetchpriority=\"high\" decoding=\"async\" width=\"1060\" height=\"631\" src=\"https:\/\/phsg-jahresbericht.ch\/2021\/wp-content\/uploads\/sites\/2\/Hochschulrat-PHSG-Jahresbericht.jpg\" class=\"attachment-large size-large wp-image-1126\" alt=\"\" srcset=\"https:\/\/phsg-jahresbericht.ch\/2021\/wp-content\/uploads\/sites\/2\/Hochschulrat-PHSG-Jahresbericht.jpg 1060w, https:\/\/phsg-jahresbericht.ch\/2021\/wp-content\/uploads\/sites\/2\/Hochschulrat-PHSG-Jahresbericht-768x457.jpg 768w\" sizes=\"(max-width: 1060px) 100vw, 1060px\" \/>\t\t\t\t\t\t\t\t\t\t\t\t\t\t\t<\/div>\n\t\t\t\t<\/div>\n\t\t\t\t\t<\/div>\n\t\t<\/div>\n\t\t\t\t\t<\/div>\n\t\t<\/section>\n\t\t\t\t<section class=\"elementor-section elementor-top-section elementor-element elementor-element-6c90df22 elementor-section-height-min-height elementor-section-boxed elementor-section-height-default elementor-section-items-middle\" data-id=\"6c90df22\" data-element_type=\"section\" data-settings=\"{&quot;jet_parallax_layout_list&quot;:[]}\">\n\t\t\t\t\t\t<div class=\"elementor-container elementor-column-gap-default\">\n\t\t\t\t\t<div class=\"elementor-column elementor-col-100 elementor-top-column elementor-element elementor-element-2194b2e5\" data-id=\"2194b2e5\" data-element_type=\"column\">\n\t\t\t<div class=\"elementor-widget-wrap elementor-element-populated\">\n\t\t\t\t\t\t<div class=\"elementor-element elementor-element-71e8d57 elementor-widget elementor-widget-heading\" data-id=\"71e8d57\" data-element_type=\"widget\" data-widget_type=\"heading.default\">\n\t\t\t\t<div class=\"elementor-widget-container\">\n\t\t\t\t\t<h5 class=\"elementor-heading-title elementor-size-default\">Von links: Sandro Wasserfallen, SVP; Katrin Glaus, SP; Thomas R\u00fcegg, FDP; Stefan K\u00f6lliker, SVP; Rolf Cristuzzi, CVP; Maria Gloor-Zigerlig, CVP; Heinz Habegger, SVP.<\/h5>\t\t\t\t<\/div>\n\t\t\t\t<\/div>\n\t\t\t\t\t<\/div>\n\t\t<\/div>\n\t\t\t\t\t<\/div>\n\t\t<\/section>\n\t\t\t\t<section class=\"elementor-section elementor-top-section elementor-element elementor-element-d4cb799 elementor-section-boxed elementor-section-height-default elementor-section-height-default\" data-id=\"d4cb799\" data-element_type=\"section\" data-settings=\"{&quot;jet_parallax_layout_list&quot;:[]}\">\n\t\t\t\t\t\t<div class=\"elementor-container elementor-column-gap-default\">\n\t\t\t\t\t<div class=\"elementor-column elementor-col-100 elementor-top-column elementor-element elementor-element-88fd8e4\" data-id=\"88fd8e4\" data-element_type=\"column\">\n\t\t\t<div class=\"elementor-widget-wrap elementor-element-populated\">\n\t\t\t\t\t\t<div class=\"elementor-element elementor-element-1eaf73e elementor-widget elementor-widget-template\" data-id=\"1eaf73e\" data-element_type=\"widget\" data-widget_type=\"template.default\">\n\t\t\t\t<div class=\"elementor-widget-container\">\n\t\t\t\t\t\t\t<div class=\"elementor-template\">\n\t\t\t\t\t<div data-elementor-type=\"section\" data-elementor-id=\"725\" class=\"elementor elementor-725\" data-elementor-post-type=\"elementor_library\">\n\t\t\t\t\t<section class=\"elementor-section elementor-top-section elementor-element elementor-element-e859500 elementor-hidden-tablet elementor-section-boxed elementor-section-height-default elementor-section-height-default\" data-id=\"e859500\" data-element_type=\"section\" data-settings=\"{&quot;jet_parallax_layout_list&quot;:[]}\">\n\t\t\t\t\t\t<div class=\"elementor-container elementor-column-gap-default\">\n\t\t\t\t\t<div class=\"elementor-column elementor-col-100 elementor-top-column elementor-element elementor-element-3b80195\" data-id=\"3b80195\" data-element_type=\"column\">\n\t\t\t<div class=\"elementor-widget-wrap elementor-element-populated\">\n\t\t\t\t\t\t<div class=\"elementor-element elementor-element-2e5f9a6 elementor-widget elementor-widget-spacer\" data-id=\"2e5f9a6\" data-element_type=\"widget\" data-widget_type=\"spacer.default\">\n\t\t\t\t<div class=\"elementor-widget-container\">\n\t\t\t\t\t\t\t<div class=\"elementor-spacer\">\n\t\t\t<div class=\"elementor-spacer-inner\"><\/div>\n\t\t<\/div>\n\t\t\t\t\t\t<\/div>\n\t\t\t\t<\/div>\n\t\t\t\t<div class=\"elementor-element elementor-element-9a8ad9d elementor-widget elementor-widget-heading\" data-id=\"9a8ad9d\" data-element_type=\"widget\" data-widget_type=\"heading.default\">\n\t\t\t\t<div class=\"elementor-widget-container\">\n\t\t\t\t\t<h3 class=\"elementor-heading-title elementor-size-default\">Weitere Themen, die Sie interessieren k\u00f6nnten<\/h3>\t\t\t\t<\/div>\n\t\t\t\t<\/div>\n\t\t\t\t<div class=\"elementor-element elementor-element-d4120cf elementor-hidden-tablet elementor-widget elementor-widget-raven-posts\" data-id=\"d4120cf\" data-element_type=\"widget\" data-settings=\"{&quot;classic_columns&quot;:&quot;4&quot;,&quot;query_posts_per_page&quot;:4,&quot;_skin&quot;:&quot;classic&quot;,&quot;classic_layout&quot;:&quot;grid&quot;,&quot;classic_columns_tablet&quot;:&quot;2&quot;,&quot;classic_columns_mobile&quot;:&quot;1&quot;,&quot;query_offset&quot;:0}\" data-widget_type=\"raven-posts.classic\">\n\t\t\t\t<div class=\"elementor-widget-container\">\n\t\t\t\t\t\t\t<div class=\"raven-posts raven-grid raven-grid-4 raven-grid-mobile-1 raven-grid-tablet-2\" data-post-id=\"725\" data-archive-query=\"\" data-lang=\"\">\n\t\t\t\t<div class=\"raven-grid-item raven-post-item post-597 page type-page status-publish has-post-thumbnail hentry\">\n\t\t\t<div class=\"raven-post elementor-animation-grow\">\n\t\t\t\t\t\t<div class=\"raven-post-image-wrap\">\n\t\t\t<a class=\"raven-post-image raven-image-fit\" href=\"https:\/\/phsg-jahresbericht.ch\/2021\/leistungsbereiche\/forschung-entwicklung\/\"><img decoding=\"async\" width=\"2560\" height=\"1116\" src=\"https:\/\/phsg-jahresbericht.ch\/2021\/wp-content\/uploads\/sites\/2\/Forschung-und-Entwicklung-2021-Headerbild-PHSG-Jahresbericht-scaled.jpg\" class=\"attachment-large size-large wp-image-1624\" alt=\"\" srcset=\"https:\/\/phsg-jahresbericht.ch\/2021\/wp-content\/uploads\/sites\/2\/Forschung-und-Entwicklung-2021-Headerbild-PHSG-Jahresbericht-scaled.jpg 2560w, https:\/\/phsg-jahresbericht.ch\/2021\/wp-content\/uploads\/sites\/2\/Forschung-und-Entwicklung-2021-Headerbild-PHSG-Jahresbericht-768x335.jpg 768w, https:\/\/phsg-jahresbericht.ch\/2021\/wp-content\/uploads\/sites\/2\/Forschung-und-Entwicklung-2021-Headerbild-PHSG-Jahresbericht-1536x670.jpg 1536w, https:\/\/phsg-jahresbericht.ch\/2021\/wp-content\/uploads\/sites\/2\/Forschung-und-Entwicklung-2021-Headerbild-PHSG-Jahresbericht-2048x893.jpg 2048w\" sizes=\"(max-width: 2560px) 100vw, 2560px\" \/> <span class=\"raven-post-image-overlay\"><\/span><\/a>\t\t<\/div>\n\t\t\t\t\t\t<div class=\"raven-post-content\">\n\t\t\t\t\t<h3 class=\"raven-post-title\"><a class=\"raven-post-title-link\" href=\"https:\/\/phsg-jahresbericht.ch\/2021\/leistungsbereiche\/forschung-entwicklung\/\">Forschung &#038; Entwicklung<\/a><\/h3>\t\t\t\t<\/div>\n\t\t\t<\/div>\n\t\t<\/div>\n\t\t\t\t<div class=\"raven-grid-item raven-post-item post-1152 page type-page status-publish has-post-thumbnail hentry\">\n\t\t\t<div class=\"raven-post elementor-animation-grow\">\n\t\t\t\t\t\t<div class=\"raven-post-image-wrap\">\n\t\t\t<a class=\"raven-post-image raven-image-fit\" href=\"https:\/\/phsg-jahresbericht.ch\/2021\/zahlen-fakten\/studierendenzahlen\/\"><img decoding=\"async\" width=\"1200\" height=\"630\" src=\"https:\/\/phsg-jahresbericht.ch\/2021\/wp-content\/uploads\/sites\/2\/Studierendenzahlen-PHSG-Jahresbericht.jpg\" class=\"attachment-large size-large wp-image-2010\" alt=\"\" srcset=\"https:\/\/phsg-jahresbericht.ch\/2021\/wp-content\/uploads\/sites\/2\/Studierendenzahlen-PHSG-Jahresbericht.jpg 1200w, https:\/\/phsg-jahresbericht.ch\/2021\/wp-content\/uploads\/sites\/2\/Studierendenzahlen-PHSG-Jahresbericht-768x403.jpg 768w\" sizes=\"(max-width: 1200px) 100vw, 1200px\" \/> <span class=\"raven-post-image-overlay\"><\/span><\/a>\t\t<\/div>\n\t\t\t\t\t\t<div class=\"raven-post-content\">\n\t\t\t\t\t<h3 class=\"raven-post-title\"><a class=\"raven-post-title-link\" href=\"https:\/\/phsg-jahresbericht.ch\/2021\/zahlen-fakten\/studierendenzahlen\/\">Studierendenzahlen<\/a><\/h3>\t\t\t\t<\/div>\n\t\t\t<\/div>\n\t\t<\/div>\n\t\t\t\t<div class=\"raven-grid-item raven-post-item post-302 page type-page status-publish has-post-thumbnail hentry\">\n\t\t\t<div class=\"raven-post elementor-animation-grow\">\n\t\t\t\t\t\t<div class=\"raven-post-image-wrap\">\n\t\t\t<a class=\"raven-post-image raven-image-fit\" href=\"https:\/\/phsg-jahresbericht.ch\/2021\/editorial\/\"><img loading=\"lazy\" decoding=\"async\" width=\"1200\" height=\"630\" src=\"https:\/\/phsg-jahresbericht.ch\/2021\/wp-content\/uploads\/sites\/2\/Editorial-PHSG-Jahresbericht.jpg\" class=\"attachment-large size-large wp-image-1025\" alt=\"\" srcset=\"https:\/\/phsg-jahresbericht.ch\/2021\/wp-content\/uploads\/sites\/2\/Editorial-PHSG-Jahresbericht.jpg 1200w, https:\/\/phsg-jahresbericht.ch\/2021\/wp-content\/uploads\/sites\/2\/Editorial-PHSG-Jahresbericht-768x403.jpg 768w\" sizes=\"(max-width: 1200px) 100vw, 1200px\" \/> <span class=\"raven-post-image-overlay\"><\/span><\/a>\t\t<\/div>\n\t\t\t\t\t\t<div class=\"raven-post-content\">\n\t\t\t\t\t<h3 class=\"raven-post-title\"><a class=\"raven-post-title-link\" href=\"https:\/\/phsg-jahresbericht.ch\/2021\/editorial\/\">Editorial<\/a><\/h3>\t\t\t\t<\/div>\n\t\t\t<\/div>\n\t\t<\/div>\n\t\t\t\t<div class=\"raven-grid-item raven-post-item post-452 page type-page status-publish has-post-thumbnail hentry\">\n\t\t\t<div class=\"raven-post elementor-animation-grow\">\n\t\t\t\t\t\t<div class=\"raven-post-image-wrap\">\n\t\t\t<a class=\"raven-post-image raven-image-fit\" href=\"https:\/\/phsg-jahresbericht.ch\/2021\/leistungsbereiche\/ausbildung\/\"><img loading=\"lazy\" decoding=\"async\" width=\"2560\" height=\"1116\" src=\"https:\/\/phsg-jahresbericht.ch\/2021\/wp-content\/uploads\/sites\/2\/Ausbildung-Headerbild-PHSG-Jahresbericht-3-scaled.jpg\" class=\"attachment-large size-large wp-image-1811\" alt=\"\" srcset=\"https:\/\/phsg-jahresbericht.ch\/2021\/wp-content\/uploads\/sites\/2\/Ausbildung-Headerbild-PHSG-Jahresbericht-3-scaled.jpg 2560w, https:\/\/phsg-jahresbericht.ch\/2021\/wp-content\/uploads\/sites\/2\/Ausbildung-Headerbild-PHSG-Jahresbericht-3-768x335.jpg 768w, https:\/\/phsg-jahresbericht.ch\/2021\/wp-content\/uploads\/sites\/2\/Ausbildung-Headerbild-PHSG-Jahresbericht-3-1536x670.jpg 1536w, https:\/\/phsg-jahresbericht.ch\/2021\/wp-content\/uploads\/sites\/2\/Ausbildung-Headerbild-PHSG-Jahresbericht-3-2048x893.jpg 2048w\" sizes=\"(max-width: 2560px) 100vw, 2560px\" \/> <span class=\"raven-post-image-overlay\"><\/span><\/a>\t\t<\/div>\n\t\t\t\t\t\t<div class=\"raven-post-content\">\n\t\t\t\t\t<h3 class=\"raven-post-title\"><a class=\"raven-post-title-link\" href=\"https:\/\/phsg-jahresbericht.ch\/2021\/leistungsbereiche\/ausbildung\/\">Ausbildung<\/a><\/h3>\t\t\t\t<\/div>\n\t\t\t<\/div>\n\t\t<\/div>\n\t\t\t\t<\/div>\n\t\t\t\t\t\t<\/div>\n\t\t\t\t<\/div>\n\t\t\t\t<div class=\"elementor-element elementor-element-cc3fb93 elementor-widget elementor-widget-spacer\" data-id=\"cc3fb93\" data-element_type=\"widget\" data-widget_type=\"spacer.default\">\n\t\t\t\t<div class=\"elementor-widget-container\">\n\t\t\t\t\t\t\t<div class=\"elementor-spacer\">\n\t\t\t<div class=\"elementor-spacer-inner\"><\/div>\n\t\t<\/div>\n\t\t\t\t\t\t<\/div>\n\t\t\t\t<\/div>\n\t\t\t\t\t<\/div>\n\t\t<\/div>\n\t\t\t\t\t<\/div>\n\t\t<\/section>\n\t\t\t\t<section class=\"elementor-section elementor-top-section elementor-element elementor-element-d79f90a elementor-hidden-desktop elementor-hidden-mobile elementor-section-boxed elementor-section-height-default elementor-section-height-default\" data-id=\"d79f90a\" data-element_type=\"section\" data-settings=\"{&quot;jet_parallax_layout_list&quot;:[]}\">\n\t\t\t\t\t\t<div class=\"elementor-container elementor-column-gap-default\">\n\t\t\t\t\t<div class=\"elementor-column elementor-col-100 elementor-top-column elementor-element elementor-element-26d8139\" data-id=\"26d8139\" data-element_type=\"column\">\n\t\t\t<div class=\"elementor-widget-wrap elementor-element-populated\">\n\t\t\t\t\t\t<div class=\"elementor-element elementor-element-ddeddba elementor-widget elementor-widget-spacer\" data-id=\"ddeddba\" data-element_type=\"widget\" data-widget_type=\"spacer.default\">\n\t\t\t\t<div class=\"elementor-widget-container\">\n\t\t\t\t\t\t\t<div class=\"elementor-spacer\">\n\t\t\t<div class=\"elementor-spacer-inner\"><\/div>\n\t\t<\/div>\n\t\t\t\t\t\t<\/div>\n\t\t\t\t<\/div>\n\t\t\t\t<div class=\"elementor-element elementor-element-e9e4ac2 elementor-widget elementor-widget-heading\" data-id=\"e9e4ac2\" data-element_type=\"widget\" data-widget_type=\"heading.default\">\n\t\t\t\t<div class=\"elementor-widget-container\">\n\t\t\t\t\t<h3 class=\"elementor-heading-title elementor-size-default\">Weitere Themen, die Sie interessieren k\u00f6nnten<\/h3>\t\t\t\t<\/div>\n\t\t\t\t<\/div>\n\t\t\t\t<div class=\"elementor-element elementor-element-f755ef8 elementor-widget elementor-widget-raven-posts\" data-id=\"f755ef8\" data-element_type=\"widget\" data-settings=\"{&quot;classic_columns&quot;:&quot;4&quot;,&quot;query_posts_per_page&quot;:3,&quot;classic_columns_tablet&quot;:&quot;3&quot;,&quot;_skin&quot;:&quot;classic&quot;,&quot;classic_layout&quot;:&quot;grid&quot;,&quot;classic_columns_mobile&quot;:&quot;1&quot;,&quot;query_offset&quot;:0}\" data-widget_type=\"raven-posts.classic\">\n\t\t\t\t<div class=\"elementor-widget-container\">\n\t\t\t\t\t\t\t<div class=\"raven-posts raven-grid raven-grid-4 raven-grid-mobile-1 raven-grid-tablet-3\" data-post-id=\"725\" data-archive-query=\"\" data-lang=\"\">\n\t\t\t\t<div class=\"raven-grid-item raven-post-item post-341 page type-page status-publish has-post-thumbnail hentry\">\n\t\t\t<div class=\"raven-post elementor-animation-grow\">\n\t\t\t\t\t\t<div class=\"raven-post-image-wrap\">\n\t\t\t<a class=\"raven-post-image raven-image-fit\" href=\"https:\/\/phsg-jahresbericht.ch\/2021\/chronik-2021\/\"><img loading=\"lazy\" decoding=\"async\" width=\"1200\" height=\"630\" src=\"https:\/\/phsg-jahresbericht.ch\/2021\/wp-content\/uploads\/sites\/2\/Chronik-PHSG-Jahresbericht.jpg\" class=\"attachment-large size-large wp-image-1028\" alt=\"\" srcset=\"https:\/\/phsg-jahresbericht.ch\/2021\/wp-content\/uploads\/sites\/2\/Chronik-PHSG-Jahresbericht.jpg 1200w, https:\/\/phsg-jahresbericht.ch\/2021\/wp-content\/uploads\/sites\/2\/Chronik-PHSG-Jahresbericht-768x403.jpg 768w\" sizes=\"(max-width: 1200px) 100vw, 1200px\" \/> <span class=\"raven-post-image-overlay\"><\/span><\/a>\t\t<\/div>\n\t\t\t\t\t\t<div class=\"raven-post-content\">\n\t\t\t\t\t<h3 class=\"raven-post-title\"><a class=\"raven-post-title-link\" href=\"https:\/\/phsg-jahresbericht.ch\/2021\/chronik-2021\/\">Chronik 2021<\/a><\/h3>\t\t\t\t<\/div>\n\t\t\t<\/div>\n\t\t<\/div>\n\t\t\t\t<div class=\"raven-grid-item raven-post-item post-1114 page type-page status-publish has-post-thumbnail hentry\">\n\t\t\t<div class=\"raven-post elementor-animation-grow\">\n\t\t\t\t\t\t<div class=\"raven-post-image-wrap\">\n\t\t\t<a class=\"raven-post-image raven-image-fit\" href=\"https:\/\/phsg-jahresbericht.ch\/2021\/ueber-uns\/hochschulrat\/\"><img loading=\"lazy\" decoding=\"async\" width=\"1200\" height=\"630\" src=\"https:\/\/phsg-jahresbericht.ch\/2021\/wp-content\/uploads\/sites\/2\/Hochschulrat-PHSG-Jahresbericht-1.jpg\" class=\"attachment-large size-large wp-image-1391\" alt=\"\" srcset=\"https:\/\/phsg-jahresbericht.ch\/2021\/wp-content\/uploads\/sites\/2\/Hochschulrat-PHSG-Jahresbericht-1.jpg 1200w, https:\/\/phsg-jahresbericht.ch\/2021\/wp-content\/uploads\/sites\/2\/Hochschulrat-PHSG-Jahresbericht-1-768x403.jpg 768w\" sizes=\"(max-width: 1200px) 100vw, 1200px\" \/> <span class=\"raven-post-image-overlay\"><\/span><\/a>\t\t<\/div>\n\t\t\t\t\t\t<div class=\"raven-post-content\">\n\t\t\t\t\t<h3 class=\"raven-post-title\"><a class=\"raven-post-title-link\" href=\"https:\/\/phsg-jahresbericht.ch\/2021\/ueber-uns\/hochschulrat\/\">Hochschulrat<\/a><\/h3>\t\t\t\t<\/div>\n\t\t\t<\/div>\n\t\t<\/div>\n\t\t\t\t<div class=\"raven-grid-item raven-post-item post-597 page type-page status-publish has-post-thumbnail hentry\">\n\t\t\t<div class=\"raven-post elementor-animation-grow\">\n\t\t\t\t\t\t<div class=\"raven-post-image-wrap\">\n\t\t\t<a class=\"raven-post-image raven-image-fit\" href=\"https:\/\/phsg-jahresbericht.ch\/2021\/leistungsbereiche\/forschung-entwicklung\/\"><img decoding=\"async\" width=\"2560\" height=\"1116\" src=\"https:\/\/phsg-jahresbericht.ch\/2021\/wp-content\/uploads\/sites\/2\/Forschung-und-Entwicklung-2021-Headerbild-PHSG-Jahresbericht-scaled.jpg\" class=\"attachment-large size-large wp-image-1624\" alt=\"\" srcset=\"https:\/\/phsg-jahresbericht.ch\/2021\/wp-content\/uploads\/sites\/2\/Forschung-und-Entwicklung-2021-Headerbild-PHSG-Jahresbericht-scaled.jpg 2560w, https:\/\/phsg-jahresbericht.ch\/2021\/wp-content\/uploads\/sites\/2\/Forschung-und-Entwicklung-2021-Headerbild-PHSG-Jahresbericht-768x335.jpg 768w, https:\/\/phsg-jahresbericht.ch\/2021\/wp-content\/uploads\/sites\/2\/Forschung-und-Entwicklung-2021-Headerbild-PHSG-Jahresbericht-1536x670.jpg 1536w, https:\/\/phsg-jahresbericht.ch\/2021\/wp-content\/uploads\/sites\/2\/Forschung-und-Entwicklung-2021-Headerbild-PHSG-Jahresbericht-2048x893.jpg 2048w\" sizes=\"(max-width: 2560px) 100vw, 2560px\" \/> <span class=\"raven-post-image-overlay\"><\/span><\/a>\t\t<\/div>\n\t\t\t\t\t\t<div class=\"raven-post-content\">\n\t\t\t\t\t<h3 class=\"raven-post-title\"><a class=\"raven-post-title-link\" href=\"https:\/\/phsg-jahresbericht.ch\/2021\/leistungsbereiche\/forschung-entwicklung\/\">Forschung &#038; Entwicklung<\/a><\/h3>\t\t\t\t<\/div>\n\t\t\t<\/div>\n\t\t<\/div>\n\t\t\t\t<\/div>\n\t\t\t\t\t\t<\/div>\n\t\t\t\t<\/div>\n\t\t\t\t<div class=\"elementor-element elementor-element-8fd49b2 elementor-widget elementor-widget-spacer\" data-id=\"8fd49b2\" data-element_type=\"widget\" data-widget_type=\"spacer.default\">\n\t\t\t\t<div class=\"elementor-widget-container\">\n\t\t\t\t\t\t\t<div class=\"elementor-spacer\">\n\t\t\t<div class=\"elementor-spacer-inner\"><\/div>\n\t\t<\/div>\n\t\t\t\t\t\t<\/div>\n\t\t\t\t<\/div>\n\t\t\t\t\t<\/div>\n\t\t<\/div>\n\t\t\t\t\t<\/div>\n\t\t<\/section>\n\t\t\t\t<\/div>\n\t\t\t\t<\/div>\n\t\t\t\t\t\t<\/div>\n\t\t\t\t<\/div>\n\t\t\t\t\t<\/div>\n\t\t<\/div>\n\t\t\t\t\t<\/div>\n\t\t<\/section>\n\t\t\t\t<\/div>\n\t\t","protected":false},"excerpt":{"rendered":"<p>\u00dcber uns Der Hochschulrat besteht aus sieben Mitgliedern. Der Pr\u00e4sident des Hochschulrates ist der Vorsteher des Bildungsdepartementes, Regierungsrat Stefan K\u00f6lliker. Von links: Sandro Wasserfallen, SVP; Katrin Glaus, SP; Thomas R\u00fcegg, FDP; Stefan K\u00f6lliker, SVP; Rolf Cristuzzi, CVP; Maria Gloor-Zigerlig, CVP; Heinz Habegger, SVP.<\/p>\n","protected":false},"author":1,"featured_media":1391,"parent":1356,"menu_order":0,"comment_status":"closed","ping_status":"closed","template":"elementor_header_footer","meta":{"_acf_changed":false,"footnotes":""},"class_list":["post-1114","page","type-page","status-publish","has-post-thumbnail","hentry"],"acf":[],"_links":{"self":[{"href":"https:\/\/phsg-jahresbericht.ch\/2021\/wp-json\/wp\/v2\/pages\/1114","targetHints":{"allow":["GET"]}}],"collection":[{"href":"https:\/\/phsg-jahresbericht.ch\/2021\/wp-json\/wp\/v2\/pages"}],"about":[{"href":"https:\/\/phsg-jahresbericht.ch\/2021\/wp-json\/wp\/v2\/types\/page"}],"author":[{"embeddable":true,"href":"https:\/\/phsg-jahresbericht.ch\/2021\/wp-json\/wp\/v2\/users\/1"}],"replies":[{"embeddable":true,"href":"https:\/\/phsg-jahresbericht.ch\/2021\/wp-json\/wp\/v2\/comments?post=1114"}],"version-history":[{"count":44,"href":"https:\/\/phsg-jahresbericht.ch\/2021\/wp-json\/wp\/v2\/pages\/1114\/revisions"}],"predecessor-version":[{"id":2722,"href":"https:\/\/phsg-jahresbericht.ch\/2021\/wp-json\/wp\/v2\/pages\/1114\/revisions\/2722"}],"up":[{"embeddable":true,"href":"https:\/\/phsg-jahresbericht.ch\/2021\/wp-json\/wp\/v2\/pages\/1356"}],"wp:featuredmedia":[{"embeddable":true,"href":"https:\/\/phsg-jahresbericht.ch\/2021\/wp-json\/wp\/v2\/media\/1391"}],"wp:attachment":[{"href":"https:\/\/phsg-jahresbericht.ch\/2021\/wp-json\/wp\/v2\/media?parent=1114"}],"curies":[{"name":"wp","href":"https:\/\/api.w.org\/{rel}","templated":true}]}}